{"id":4040,"date":"2025-12-01T13:18:06","date_gmt":"2025-12-01T12:18:06","guid":{"rendered":"https:\/\/helpack.eu\/?post_type=product&#038;p=4040"},"modified":"2026-04-02T19:25:47","modified_gmt":"2026-04-02T17:25:47","slug":"pouches-flat-bottom-transparent-vertical-handled-zipper","status":"publish","type":"product","link":"http:\/\/helpack.eu\/bg\/shop\/flexible-packaging-bags-films\/flat-bottom\/pouches-flat-bottom-transparent-vertical-handled-zipper\/","title":{"rendered":"Pouches flat bottom TRANSPARENT VERTICAL + Handled + zipper"},"content":{"rendered":"<p><span dir=\"auto\" style=\"vertical-align: inherit\"><span dir=\"auto\" style=\"vertical-align: inherit\">Opis: Przezroczyste torby z p\u0142askim dnem <\/span><\/span><br \/>\n<span dir=\"auto\" style=\"vertical-align: inherit\"><span dir=\"auto\" style=\"vertical-align: inherit\">Kolor podstawy: Przezroczysty\/Przezroczysty matowy <\/span><\/span><br \/>\n<span dir=\"auto\" style=\"vertical-align: inherit\"><span dir=\"auto\" style=\"vertical-align: inherit\">Materia\u0142 PET+PE <\/span><\/span><br \/>\n<span dir=\"auto\" style=\"vertical-align: inherit\"><span dir=\"auto\" style=\"vertical-align: inherit\">Grubo\u015b\u0107: 200 mic<\/span><\/span><\/p>\n","protected":false},"excerpt":{"rendered":"<p>Opis: Przezroczyste torby z p\u0142askim dnem Kolor podstawy: Przezroczysty\/Przezroczysty matowy Materia\u0142 PET+PE Grubo\u015b\u0107: 200 mic<\/p>\n","protected":false},"featured_media":4683,"comment_status":"open","ping_status":"closed","template":"","meta":[],"product_brand":[],"product_cat":[137],"product_tag":[],"class_list":{"0":"post-4040","1":"product","2":"type-product","3":"status-publish","4":"has-post-thumbnail","6":"product_cat-flat-bottom","7":"pa_velikost-100x60x210-mm","8":"pa_velikost-120x60x230-mm","9":"pa_velikost-140x60x250-mm","10":"pa_velikost-160x80x270-mm","11":"pa_velikost-180x80x290-mm","12":"pa_velikost-200x80x310-mm","14":"first","15":"instock","16":"taxable","17":"shipping-taxable","18":"purchasable","19":"product-type-variable"},"jetpack_sharing_enabled":true,"_links":{"self":[{"href":"http:\/\/helpack.eu\/bg\/wp-json\/wp\/v2\/product\/4040","targetHints":{"allow":["GET"]}}],"collection":[{"href":"http:\/\/helpack.eu\/bg\/wp-json\/wp\/v2\/product"}],"about":[{"href":"http:\/\/helpack.eu\/bg\/wp-json\/wp\/v2\/types\/product"}],"replies":[{"embeddable":true,"href":"http:\/\/helpack.eu\/bg\/wp-json\/wp\/v2\/comments?post=4040"}],"wp:featuredmedia":[{"embeddable":true,"href":"http:\/\/helpack.eu\/bg\/wp-json\/wp\/v2\/media\/4683"}],"wp:attachment":[{"href":"http:\/\/helpack.eu\/bg\/wp-json\/wp\/v2\/media?parent=4040"}],"wp:term":[{"taxonomy":"product_brand","embeddable":true,"href":"http:\/\/helpack.eu\/bg\/wp-json\/wp\/v2\/product_brand?post=4040"},{"taxonomy":"product_cat","embeddable":true,"href":"http:\/\/helpack.eu\/bg\/wp-json\/wp\/v2\/product_cat?post=4040"},{"taxonomy":"product_tag","embeddable":true,"href":"http:\/\/helpack.eu\/bg\/wp-json\/wp\/v2\/product_tag?post=4040"}],"curies":[{"name":"wp","href":"https:\/\/api.w.org\/{rel}","templated":true}]}}