{"id":4111,"date":"2025-12-01T15:03:40","date_gmt":"2025-12-01T14:03:40","guid":{"rendered":"https:\/\/helpack.eu\/?post_type=product&#038;p=4111"},"modified":"2026-03-30T21:06:53","modified_gmt":"2026-03-30T19:06:53","slug":"pouches-flat-bottom-transparent-zipper","status":"publish","type":"product","link":"http:\/\/helpack.eu\/bg\/shop\/flexible-packaging-bags-films\/flat-bottom\/pouches-flat-bottom-transparent-zipper\/","title":{"rendered":"Pouches flat bottom TRANSPARENT + zipper"},"content":{"rendered":"<p><span dir=\"auto\" style=\"vertical-align: inherit;\"><span dir=\"auto\" style=\"vertical-align: inherit;\">Opis: Przezroczyste torby z p\u0142askim dnem <\/span><\/span><br \/>\n<span dir=\"auto\" style=\"vertical-align: inherit;\"><span dir=\"auto\" style=\"vertical-align: inherit;\">Kolor podstawowy: Przezroczysty\/Przezroczysty matowy <\/span><\/span><br \/>\n<span dir=\"auto\" style=\"vertical-align: inherit;\"><span dir=\"auto\" style=\"vertical-align: inherit;\">Materia\u0142 PET+PE <\/span><\/span><br \/>\n<span dir=\"auto\" style=\"vertical-align: inherit;\"><span dir=\"auto\" style=\"vertical-align: inherit;\">Grubo\u015b\u0107: 200mic<\/span><\/span><\/p>\n","protected":false},"excerpt":{"rendered":"<p>Opis: Przezroczyste torby z p\u0142askim dnem Kolor podstawowy: Przezroczysty\/Przezroczysty matowy Materia\u0142 PET+PE Grubo\u015b\u0107: 200mic<\/p>\n","protected":false},"featured_media":4582,"comment_status":"open","ping_status":"closed","template":"","meta":[],"product_brand":[],"product_cat":[137],"product_tag":[],"class_list":{"0":"post-4111","1":"product","2":"type-product","3":"status-publish","4":"has-post-thumbnail","6":"product_cat-flat-bottom","7":"pa_velikost-100x60x200-mm","8":"pa_velikost-120x60x220-mm","9":"pa_velikost-140x60x240-mm","10":"pa_velikost-160x80x260-mm","11":"pa_velikost-180x80x280-mm","12":"pa_velikost-200x80x300-mm","13":"pa_velikost-240x80x170-mm","14":"pa_velikost-260x80x190-mm","15":"pa_velikost-280x80x210-mm","16":"pa_velikost-300x80x230-mm","18":"first","19":"instock","20":"taxable","21":"shipping-taxable","22":"purchasable","23":"product-type-variable"},"jetpack_sharing_enabled":true,"_links":{"self":[{"href":"http:\/\/helpack.eu\/bg\/wp-json\/wp\/v2\/product\/4111","targetHints":{"allow":["GET"]}}],"collection":[{"href":"http:\/\/helpack.eu\/bg\/wp-json\/wp\/v2\/product"}],"about":[{"href":"http:\/\/helpack.eu\/bg\/wp-json\/wp\/v2\/types\/product"}],"replies":[{"embeddable":true,"href":"http:\/\/helpack.eu\/bg\/wp-json\/wp\/v2\/comments?post=4111"}],"wp:featuredmedia":[{"embeddable":true,"href":"http:\/\/helpack.eu\/bg\/wp-json\/wp\/v2\/media\/4582"}],"wp:attachment":[{"href":"http:\/\/helpack.eu\/bg\/wp-json\/wp\/v2\/media?parent=4111"}],"wp:term":[{"taxonomy":"product_brand","embeddable":true,"href":"http:\/\/helpack.eu\/bg\/wp-json\/wp\/v2\/product_brand?post=4111"},{"taxonomy":"product_cat","embeddable":true,"href":"http:\/\/helpack.eu\/bg\/wp-json\/wp\/v2\/product_cat?post=4111"},{"taxonomy":"product_tag","embeddable":true,"href":"http:\/\/helpack.eu\/bg\/wp-json\/wp\/v2\/product_tag?post=4111"}],"curies":[{"name":"wp","href":"https:\/\/api.w.org\/{rel}","templated":true}]}}