{"id":4320,"date":"2025-12-01T14:50:47","date_gmt":"2025-12-01T13:50:47","guid":{"rendered":"https:\/\/helpack.eu\/shop\/uncategorized\/tasky-flat-bottom-transparent-zachazet-s-zipper\/"},"modified":"2025-12-15T12:16:29","modified_gmt":"2025-12-15T11:16:29","slug":"tasky-flat-bottom-transparent-zachazet-s-zipper","status":"publish","type":"product","link":"https:\/\/helpack.eu\/cs\/shop\/flat-bottom-cs\/tasky-flat-bottom-transparent-zachazet-s-zipper\/","title":{"rendered":"Ta\u0161ky flat bottom TRANSPARENT + zach\u00e1zet s + zipper"},"content":{"rendered":"<p><span dir=\"auto\" style=\"vertical-align: inherit;\"><span dir=\"auto\" style=\"vertical-align: inherit;\"><span dir=\"auto\" style=\"vertical-align: inherit;\"><span dir=\"auto\" style=\"vertical-align: inherit;\">Opis: Przezroczyste torby z codziennymi <\/span><\/span><\/span><\/span><br \/>\n<span dir=\"auto\" style=\"vertical-align: inherit;\"><span dir=\"auto\" style=\"vertical-align: inherit;\"><span dir=\"auto\" style=\"vertical-align: inherit;\"><span dir=\"auto\" style=\"vertical-align: inherit;\">podstawami: Przezroczysty\/Przezroczysty matowy <\/span><\/span><\/span><\/span><br \/>\n<span dir=\"auto\" style=\"vertical-align: inherit;\"><span dir=\"auto\" style=\"vertical-align: inherit;\"><span dir=\"auto\" style=\"vertical-align: inherit;\"><span dir=\"auto\" style=\"vertical-align: inherit;\">Materia\u0142: PET+PE <\/span><\/span><\/span><\/span><br \/>\n<span dir=\"auto\" style=\"vertical-align: inherit;\"><span dir=\"auto\" style=\"vertical-align: inherit;\"><span dir=\"auto\" style=\"vertical-align: inherit;\"><span dir=\"auto\" style=\"vertical-align: inherit;\">Grubo\u015b\u0107: 160mic<\/span><\/span><\/span><\/span><\/p>\n","protected":false},"excerpt":{"rendered":"<p>Opis: Przezroczyste torby z codziennymi podstawami: Przezroczysty\/Przezroczysty matowy Materia\u0142: PET+PE Grubo\u015b\u0107: 160mic<\/p>\n","protected":false},"featured_media":4622,"comment_status":"open","ping_status":"closed","template":"","meta":[],"product_brand":[],"product_cat":[434],"product_tag":[],"class_list":{"0":"post-4320","1":"product","2":"type-product","3":"status-publish","4":"has-post-thumbnail","6":"product_cat-flat-bottom-cs","7":"pa_velikost-170x80x240-mm","8":"pa_velikost-190x80x260-mm","9":"pa_velikost-210x80x280-mm","10":"pa_velikost-230x80x300-mm","11":"pa_velikost-300x80x350-mm","13":"first","14":"instock","15":"taxable","16":"shipping-taxable","17":"purchasable","18":"product-type-variable"},"jetpack_sharing_enabled":true,"_links":{"self":[{"href":"https:\/\/helpack.eu\/cs\/wp-json\/wp\/v2\/product\/4320","targetHints":{"allow":["GET"]}}],"collection":[{"href":"https:\/\/helpack.eu\/cs\/wp-json\/wp\/v2\/product"}],"about":[{"href":"https:\/\/helpack.eu\/cs\/wp-json\/wp\/v2\/types\/product"}],"replies":[{"embeddable":true,"href":"https:\/\/helpack.eu\/cs\/wp-json\/wp\/v2\/comments?post=4320"}],"wp:featuredmedia":[{"embeddable":true,"href":"https:\/\/helpack.eu\/cs\/wp-json\/wp\/v2\/media\/4622"}],"wp:attachment":[{"href":"https:\/\/helpack.eu\/cs\/wp-json\/wp\/v2\/media?parent=4320"}],"wp:term":[{"taxonomy":"product_brand","embeddable":true,"href":"https:\/\/helpack.eu\/cs\/wp-json\/wp\/v2\/product_brand?post=4320"},{"taxonomy":"product_cat","embeddable":true,"href":"https:\/\/helpack.eu\/cs\/wp-json\/wp\/v2\/product_cat?post=4320"},{"taxonomy":"product_tag","embeddable":true,"href":"https:\/\/helpack.eu\/cs\/wp-json\/wp\/v2\/product_tag?post=4320"}],"curies":[{"name":"wp","href":"https:\/\/api.w.org\/{rel}","templated":true}]}}