{"id":4833,"date":"2026-04-29T11:15:33","date_gmt":"2026-04-29T09:15:33","guid":{"rendered":"https:\/\/helpack.eu\/shop\/uncategorized\/stojaci-sacek-doypack-eco-male-okenko-plus-pap-pet-pe-snadne-otevirani\/"},"modified":"2026-04-29T11:15:33","modified_gmt":"2026-04-29T09:15:33","slug":"stojaci-sacek-doypack-eco-male-okenko-plus-pap-pet-pe-snadne-otevirani","status":"publish","type":"product","link":"https:\/\/helpack.eu\/cs\/shop\/doypack-stand-up-pouch-cs\/stojaci-sacek-doypack-eco-male-okenko-plus-pap-pet-pe-snadne-otevirani\/","title":{"rendered":"Stojac\u00ed s\u00e1\u010dek doypack ECO MAL\u00c9 OK\u00c9NKO PLUS PAP\/PET\/PE + snadn\u00e9 otev\u00edr\u00e1n\u00ed"},"content":{"rendered":"<p>EKO PAP\u00cdROV\u00c9 ta\u0161ky se skryt\u00fdm ok\u00e9nkem a zap\u00edn\u00e1n\u00edm na zip ur\u010den\u00e9 pro dom\u00e1c\u00ed pou\u017eit\u00ed. Tyto ta\u0161ky jsou vyrobeny z pap\u00edru pota\u017een\u00e9ho f\u00f3li\u00ed a jsou ur\u010deny pro skladov\u00e1n\u00ed lehk\u00fdch produkt\u016f bez hran. Tlou\u0161\u0165ka s\u00e1\u010dk\u016f a velikost dna se odv\u00edjej\u00ed od obalu. Maxim\u00e1ln\u00ed nosnost: 2000 gram\u016f. Upozor\u0148ujeme, \u017ee reklamace t\u00fdkaj\u00edc\u00ed se jin\u00fdch produkt\u016f nejsou akceptov\u00e1ny. S\u00e1\u010dky lze pou\u017e\u00edt pro mastn\u00e9 a aromatick\u00e9 produkty. S\u00e1\u010dky jsou k dispozici v 6 velikostech (ml): 100, 250, 500, 750, 1000, 2000. \u0160\u00ed\u0159ka svisl\u00e9ho svaru: 5 mm +\/- 1 mm. V\u00fdhody na\u0161ich pap\u00edrov\u00fdch s\u00e1\u010dk\u016f ECO SMALL WINDOW: &#8211; vysoce kvalitn\u00ed \u0159e\u0161en\u00ed &#8211; PAP\u00cdR 45\/PET 12\/CPP 30 &#8211; siln\u00e9 svary cca. 6-7 mm &#8211; skl\u00e1dac\u00ed dno &#8211; \u0161irok\u00fd v\u00fdb\u011br velikost\u00ed &#8211; standardn\u00ed z\u00e1\u0159ez pro snadn\u00e9 otev\u00edr\u00e1n\u00ed &#8211; schv\u00e1leno pro kontakt s potravinami S\u00e1\u010dky s tepeln\u00fdm sv\u00e1\u0159e\u010dem. P\u0159\u00edklady pou\u017eit\u00ed: pro ko\u0159en\u00ed, su\u0161en\u00e9 ovoce, semena, \u010daj, dochucovadla, su\u0161en\u00e9 bylinky, sladkosti&#8230; V\u00fdhody na\u0161ich pap\u00edrov\u00fdch ta\u0161ek ECO SMALL WINDOW: &#8211; vysoce kvalitn\u00ed zip &#8211; PAP\u00cdR 45\/PET 12\/CPP 30 &#8211; siln\u00e9 svary, cca. \u0160\u00ed\u0159ka 6-7 mm &#8211; skl\u00e1dac\u00ed dno &#8211; \u0161irok\u00fd v\u00fdb\u011br velikost\u00ed &#8211; standardn\u00ed z\u00e1\u0159ez pro snadn\u00e9 otev\u00edr\u00e1n\u00ed &#8211; bezpe\u010dn\u00e9 pro potraviny<\/p>\n","protected":false},"excerpt":{"rendered":"<p>EKO PAP\u00cdROV\u00c9 ta\u0161ky se skryt\u00fdm ok\u00e9nkem a zap\u00edn\u00e1n\u00edm na zip ur\u010den\u00e9 pro dom\u00e1c\u00ed pou\u017eit\u00ed. Tyto ta\u0161ky jsou vyrobeny z pap\u00edru<\/p>\n","protected":false},"featured_media":4794,"comment_status":"open","ping_status":"closed","template":"","meta":[],"product_brand":[],"product_cat":[575],"product_tag":[578,579,576,577],"class_list":{"0":"post-4833","1":"product","2":"type-product","3":"status-publish","4":"has-post-thumbnail","6":"product_cat-doypack-stand-up-pouch-cs","7":"product_tag-doypack-cs","8":"product_tag-doypack-bag-cs","9":"product_tag-doypack-eco-cs","10":"product_tag-doypack-stand-up-pouches-cs","11":"pa_velikost-110x185x65-mm","12":"pa_velikost-130x225x70-mm","13":"pa_velikost-160x270x80-mm","14":"pa_velikost-180x290x80-mm","15":"pa_velikost-210x310x110-mm","16":"pa_velikost-250x335x130-mm","17":"pa_velikost-85x145x50-mm","19":"first","20":"instock","21":"taxable","22":"shipping-taxable","23":"purchasable","24":"product-type-variable"},"jetpack_sharing_enabled":true,"_links":{"self":[{"href":"https:\/\/helpack.eu\/cs\/wp-json\/wp\/v2\/product\/4833","targetHints":{"allow":["GET"]}}],"collection":[{"href":"https:\/\/helpack.eu\/cs\/wp-json\/wp\/v2\/product"}],"about":[{"href":"https:\/\/helpack.eu\/cs\/wp-json\/wp\/v2\/types\/product"}],"replies":[{"embeddable":true,"href":"https:\/\/helpack.eu\/cs\/wp-json\/wp\/v2\/comments?post=4833"}],"wp:featuredmedia":[{"embeddable":true,"href":"https:\/\/helpack.eu\/cs\/wp-json\/wp\/v2\/media\/4794"}],"wp:attachment":[{"href":"https:\/\/helpack.eu\/cs\/wp-json\/wp\/v2\/media?parent=4833"}],"wp:term":[{"taxonomy":"product_brand","embeddable":true,"href":"https:\/\/helpack.eu\/cs\/wp-json\/wp\/v2\/product_brand?post=4833"},{"taxonomy":"product_cat","embeddable":true,"href":"https:\/\/helpack.eu\/cs\/wp-json\/wp\/v2\/product_cat?post=4833"},{"taxonomy":"product_tag","embeddable":true,"href":"https:\/\/helpack.eu\/cs\/wp-json\/wp\/v2\/product_tag?post=4833"}],"curies":[{"name":"wp","href":"https:\/\/api.w.org\/{rel}","templated":true}]}}