{"id":4821,"date":"2026-04-29T11:15:33","date_gmt":"2026-04-29T09:15:33","guid":{"rendered":"http:\/\/helpack.eu\/shop\/uncategorized\/staapose-eco-small-window-plus-pap-pet-pe-letaabnende\/"},"modified":"2026-04-29T11:15:33","modified_gmt":"2026-04-29T09:15:33","slug":"staapose-eco-small-window-plus-pap-pet-pe-letaabnende","status":"publish","type":"product","link":"https:\/\/helpack.eu\/da\/shop\/doypack-stand-up-pouch-da\/staapose-eco-small-window-plus-pap-pet-pe-letaabnende\/","title":{"rendered":"St\u00e5pose ECO SMALL WINDOW PLUS PAP\/PET\/PE + let\u00e5bnende"},"content":{"rendered":"<p>ECO PAPIRposer med et smalt vindue og en genanvendelig lynl\u00e5slukning. Disse poser er lavet af papir belagt med en folie indvendigt og designet til opbevaring af lette produkter uden skarpe kanter. Emballagens tykkelse og bundst\u00f8rrelsen tilpasses pakkernes st\u00f8rrelse.<br \/>\nMaksimal belastning: 50 gram. Please note that complaints will not be accepted for other products.<br \/>\nThe bags can be used for fatty and aromatic products.<br \/>\nBags are available in 6 sizes (ml): 100, 250, 500, 750, 1000, 2000<br \/>\nVertical seal width: 5 mm +\/- 1 mm<br \/>\nAdvantages of our ECO SMALL WINDOW paper bags:<br \/>\n&#8211; high-quality zipper<br \/>\n&#8211; PAPIER 45\/PET 12\/CPP 30<br \/>\n&#8211; strong, approx. 6-7 mm brede forseglinger<br \/>\n&#8211; foldbar bund<br \/>\n&#8211; bredt udvalg af st\u00f8rrelser<br \/>\n&#8211; let\u00e5bnende snit som standard<br \/>\n&#8211; godkendt til f\u00f8devarekontakt<br \/>\nPoser med ekstern forsegler.<br \/>\nEksempler p\u00e5 anvendelser: til krydderier, t\u00f8rret frugt, fr\u00f8, te, krydderier, t\u00f8rrede urter, slik&#8230;<br \/>\nFordele ved vores ECO SMALL WINDOW papirposer:<br \/>\n&#8211; lynl\u00e5s i h\u00f8j kvalitet<br \/>\n&#8211; PAPIR 45\/PET 12\/CPP 30<br \/>\n&#8211; st\u00e6rke forseglinger, ca. 6-7 mm brede<br \/>\n&#8211; foldbar bund<br \/>\n&#8211; bredt udvalg af st\u00f8rrelser<br \/>\n&#8211; standardhak for nem \u00e5bning<br \/>\n&#8211; f\u00f8devaresikker<\/p>\n","protected":false},"excerpt":{"rendered":"<p>ECO PAPIRposer med et smalt vindue og en genanvendelig lynl\u00e5slukning. Disse poser er lavet af papir belagt med en folie<\/p>\n","protected":false},"featured_media":4795,"comment_status":"open","ping_status":"closed","template":"","meta":[],"product_brand":[],"product_cat":[513],"product_tag":[527],"class_list":{"0":"post-4821","1":"product","2":"type-product","3":"status-publish","4":"has-post-thumbnail","6":"product_cat-doypack-stand-up-pouch-da","7":"product_tag-doypack-eco-da","8":"pa_velikost-110x185x65-mm","9":"pa_velikost-130x225x70-mm","10":"pa_velikost-160x270x80-mm","11":"pa_velikost-180x290x80-mm","12":"pa_velikost-210x310x110-mm","13":"pa_velikost-250x335x130-mm","14":"pa_velikost-85x145x50-mm","16":"first","17":"instock","18":"taxable","19":"shipping-taxable","20":"purchasable","21":"product-type-variable"},"jetpack_sharing_enabled":true,"_links":{"self":[{"href":"https:\/\/helpack.eu\/da\/wp-json\/wp\/v2\/product\/4821","targetHints":{"allow":["GET"]}}],"collection":[{"href":"https:\/\/helpack.eu\/da\/wp-json\/wp\/v2\/product"}],"about":[{"href":"https:\/\/helpack.eu\/da\/wp-json\/wp\/v2\/types\/product"}],"replies":[{"embeddable":true,"href":"https:\/\/helpack.eu\/da\/wp-json\/wp\/v2\/comments?post=4821"}],"wp:featuredmedia":[{"embeddable":true,"href":"https:\/\/helpack.eu\/da\/wp-json\/wp\/v2\/media\/4795"}],"wp:attachment":[{"href":"https:\/\/helpack.eu\/da\/wp-json\/wp\/v2\/media?parent=4821"}],"wp:term":[{"taxonomy":"product_brand","embeddable":true,"href":"https:\/\/helpack.eu\/da\/wp-json\/wp\/v2\/product_brand?post=4821"},{"taxonomy":"product_cat","embeddable":true,"href":"https:\/\/helpack.eu\/da\/wp-json\/wp\/v2\/product_cat?post=4821"},{"taxonomy":"product_tag","embeddable":true,"href":"https:\/\/helpack.eu\/da\/wp-json\/wp\/v2\/product_tag?post=4821"}],"curies":[{"name":"wp","href":"https:\/\/api.w.org\/{rel}","templated":true}]}}