{"id":4331,"date":"2025-12-01T12:30:50","date_gmt":"2025-12-01T11:30:50","guid":{"rendered":"https:\/\/helpack.eu\/shop\/uncategorized\/pouches-flat-bottom-matte-window-side-metalized-zipper\/"},"modified":"2025-12-01T12:30:50","modified_gmt":"2025-12-01T11:30:50","slug":"pouches-flat-bottom-matte-window-side-metalized-zipper","status":"publish","type":"product","link":"https:\/\/helpack.eu\/de\/shop\/flat-bottom-de\/pouches-flat-bottom-matte-window-side-metalized-zipper\/","title":{"rendered":"Pouches flat bottom MATTE WINDOW SIDE METALIZED + zipper"},"content":{"rendered":"<p><span dir=\"auto\" style=\"vertical-align: inherit;\"><span dir=\"auto\" style=\"vertical-align: inherit;\">Opis: Kolorowa torba z kwadratowym dnem i okienkiem na zawiasach z boku Kolor <\/span><\/span><br \/>\n<span dir=\"auto\" style=\"vertical-align: inherit;\"><span dir=\"auto\" style=\"vertical-align: inherit;\">podstawy: Z\u0142oty\/Czarny\/Czerwony\/Zielony <\/span><\/span><br \/>\n<span dir=\"auto\" style=\"vertical-align: inherit;\"><span dir=\"auto\" style=\"vertical-align: inherit;\">Materia\u0142: Matowa folia + pow\u0142oka aluminiowa: PET+CPP <\/span><\/span><br \/>\n<span dir=\"auto\" style=\"vertical-align: inherit;\"><span dir=\"auto\" style=\"vertical-align: inherit;\">Grubo\u015b\u0107: 280 mikron\u00f3w<\/span><\/span><\/p>\n","protected":false},"excerpt":{"rendered":"<p>Opis: Kolorowa torba z kwadratowym dnem i okienkiem na zawiasach z boku Kolor podstawy: Z\u0142oty\/Czarny\/Czerwony\/Zielony Materia\u0142: Matowa folia + pow\u0142oka<\/p>\n","protected":false},"featured_media":4022,"comment_status":"open","ping_status":"closed","template":"","meta":[],"product_brand":[],"product_cat":[435],"product_tag":[],"class_list":{"0":"post-4331","1":"product","2":"type-product","3":"status-publish","4":"has-post-thumbnail","6":"product_cat-flat-bottom-de","7":"pa_velikost-100x60x200-mm","8":"pa_velikost-120x60x220-mm","9":"pa_velikost-140x60x240-mm","10":"pa_velikost-160x80x260-mm","11":"pa_velikost-180x80x280-mm","12":"pa_velikost-200x100x300-mm","14":"first","15":"instock","16":"taxable","17":"shipping-taxable","18":"purchasable","19":"product-type-variable"},"jetpack_sharing_enabled":true,"_links":{"self":[{"href":"https:\/\/helpack.eu\/de\/wp-json\/wp\/v2\/product\/4331","targetHints":{"allow":["GET"]}}],"collection":[{"href":"https:\/\/helpack.eu\/de\/wp-json\/wp\/v2\/product"}],"about":[{"href":"https:\/\/helpack.eu\/de\/wp-json\/wp\/v2\/types\/product"}],"replies":[{"embeddable":true,"href":"https:\/\/helpack.eu\/de\/wp-json\/wp\/v2\/comments?post=4331"}],"wp:featuredmedia":[{"embeddable":true,"href":"https:\/\/helpack.eu\/de\/wp-json\/wp\/v2\/media\/4022"}],"wp:attachment":[{"href":"https:\/\/helpack.eu\/de\/wp-json\/wp\/v2\/media?parent=4331"}],"wp:term":[{"taxonomy":"product_brand","embeddable":true,"href":"https:\/\/helpack.eu\/de\/wp-json\/wp\/v2\/product_brand?post=4331"},{"taxonomy":"product_cat","embeddable":true,"href":"https:\/\/helpack.eu\/de\/wp-json\/wp\/v2\/product_cat?post=4331"},{"taxonomy":"product_tag","embeddable":true,"href":"https:\/\/helpack.eu\/de\/wp-json\/wp\/v2\/product_tag?post=4331"}],"curies":[{"name":"wp","href":"https:\/\/api.w.org\/{rel}","templated":true}]}}