{"id":4830,"date":"2026-04-29T11:15:33","date_gmt":"2026-04-29T09:15:33","guid":{"rendered":"https:\/\/helpack.eu\/shop\/uncategorized\/standbeutel-doypack-eco-small-fenster-plus-pap-pet-pe-leicht-zu-oeffnen\/"},"modified":"2026-04-29T11:15:33","modified_gmt":"2026-04-29T09:15:33","slug":"standbeutel-doypack-eco-small-fenster-plus-pap-pet-pe-leicht-zu-oeffnen","status":"publish","type":"product","link":"https:\/\/helpack.eu\/de\/shop\/doypack-de\/standbeutel-doypack-eco-small-fenster-plus-pap-pet-pe-leicht-zu-oeffnen\/","title":{"rendered":"Standbeutel Doypack ECO SMALL FENSTER PLUS PAP\/PET\/PE + leicht zu \u00f6ffnen"},"content":{"rendered":"<p>\u00d6ko-Papiert\u00fcten mit Sichtfenster und Rei\u00dfverschluss, speziell f\u00fcr den Heimgebrauch. Diese Beutel bestehen aus folienbeschichtetem Papier und sind f\u00fcr die Aufbewahrung von leichten, randlosen Produkten konzipiert. Die Dicke der Beutel und die Gr\u00f6\u00dfe des Bodens richten sich nach der Verpackung. Maximale Belastbarkeit: 2000 Gramm. Bitte beachten Sie, dass Reklamationen bez\u00fcglich anderer Produkte nicht akzeptiert werden. Die Beutel eignen sich f\u00fcr fetthaltige und aromatische Produkte. Die Beutel sind in 6 Gr\u00f6\u00dfen (ml) erh\u00e4ltlich: 100, 250, 500, 750, 1000, 2000. Vertikale Siegelnahtbreite: 5 mm +\/- 1 mm. Vorteile unserer ECO SMALL WINDOW Papiert\u00fcten: &#8211; hochwertige L\u00f6sungen &#8211; PAPIER 45\/PET 12\/CPP 30 &#8211; starke Siegelnaht von ca. 6-7 mm &#8211; faltbarer Boden &#8211; gro\u00dfe Auswahl an Gr\u00f6\u00dfen &#8211; Standardkerbe zum einfachen \u00d6ffnen &#8211; f\u00fcr den Kontakt mit Lebensmitteln zugelassen &#8211; Beutel mit Hei\u00dfsiegelger\u00e4t. Anwendungsbeispiele: f\u00fcr Gew\u00fcrze, Trockenfr\u00fcchte, Samen, Tee, W\u00fcrzmittel, getrocknete Kr\u00e4uter, S\u00fc\u00dfigkeiten&#8230; Vorteile unserer ECO SMALL WINDOW Papiert\u00fcten: &#8211; hochwertiger Rei\u00dfverschluss &#8211; PAPIER 45\/PET 12\/CPP 30 &#8211; starke Versiegelungen, ca. 6\u20137 mm breit \u2013 klappbarer Boden \u2013 gro\u00dfe Auswahl an Gr\u00f6\u00dfen \u2013 Standardkerbe zum einfachen \u00d6ffnen \u2013 lebensmittelecht<\/p>\n","protected":false},"excerpt":{"rendered":"<p>\u00d6ko-Papiert\u00fcten mit Sichtfenster und Rei\u00dfverschluss, speziell f\u00fcr den Heimgebrauch. Diese Beutel bestehen aus folienbeschichtetem Papier und sind f\u00fcr die Aufbewahrung<\/p>\n","protected":false},"featured_media":4799,"comment_status":"open","ping_status":"closed","template":"","meta":[],"product_brand":[],"product_cat":[417],"product_tag":[563,564,561,562],"class_list":{"0":"post-4830","1":"product","2":"type-product","3":"status-publish","4":"has-post-thumbnail","6":"product_cat-doypack-de","7":"product_tag-doypack-de","8":"product_tag-doypack-bag-de","9":"product_tag-doypack-eco-de","10":"product_tag-doypack-stand-up-pouches-de","11":"pa_velikost-110x185x65-mm","12":"pa_velikost-130x225x70-mm","13":"pa_velikost-160x270x80-mm","14":"pa_velikost-180x290x80-mm","15":"pa_velikost-210x310x110-mm","16":"pa_velikost-250x335x130-mm","17":"pa_velikost-85x145x50-mm","19":"first","20":"instock","21":"taxable","22":"shipping-taxable","23":"purchasable","24":"product-type-variable"},"jetpack_sharing_enabled":true,"_links":{"self":[{"href":"https:\/\/helpack.eu\/de\/wp-json\/wp\/v2\/product\/4830","targetHints":{"allow":["GET"]}}],"collection":[{"href":"https:\/\/helpack.eu\/de\/wp-json\/wp\/v2\/product"}],"about":[{"href":"https:\/\/helpack.eu\/de\/wp-json\/wp\/v2\/types\/product"}],"replies":[{"embeddable":true,"href":"https:\/\/helpack.eu\/de\/wp-json\/wp\/v2\/comments?post=4830"}],"wp:featuredmedia":[{"embeddable":true,"href":"https:\/\/helpack.eu\/de\/wp-json\/wp\/v2\/media\/4799"}],"wp:attachment":[{"href":"https:\/\/helpack.eu\/de\/wp-json\/wp\/v2\/media?parent=4830"}],"wp:term":[{"taxonomy":"product_brand","embeddable":true,"href":"https:\/\/helpack.eu\/de\/wp-json\/wp\/v2\/product_brand?post=4830"},{"taxonomy":"product_cat","embeddable":true,"href":"https:\/\/helpack.eu\/de\/wp-json\/wp\/v2\/product_cat?post=4830"},{"taxonomy":"product_tag","embeddable":true,"href":"https:\/\/helpack.eu\/de\/wp-json\/wp\/v2\/product_tag?post=4830"}],"curies":[{"name":"wp","href":"https:\/\/api.w.org\/{rel}","templated":true}]}}