{"id":4832,"date":"2026-04-29T11:15:33","date_gmt":"2026-04-29T09:15:33","guid":{"rendered":"https:\/\/helpack.eu\/shop\/uncategorized\/bolsa-tipo-doypack-con-base-plana-eco-small-window-plus-pap-pet-pe-facil-apertura\/"},"modified":"2026-04-29T11:15:33","modified_gmt":"2026-04-29T09:15:33","slug":"bolsa-tipo-doypack-con-base-plana-eco-small-window-plus-pap-pet-pe-facil-apertura","status":"publish","type":"product","link":"https:\/\/helpack.eu\/es\/shop\/doypack-stand-up-pouch-es\/bolsa-tipo-doypack-con-base-plana-eco-small-window-plus-pap-pet-pe-facil-apertura\/","title":{"rendered":"Bolsa tipo doypack con base plana ECO SMALL WINDOW PLUS PAP\/PET\/PE + f\u00e1cil apertura"},"content":{"rendered":"<p>Bolsas de papel ecol\u00f3gicas con ventana oculta y cierre de cremallera, dise\u00f1adas para uso dom\u00e9stico. Estas bolsas est\u00e1n fabricadas con papel recubierto de aluminio y est\u00e1n dise\u00f1adas para almacenar productos ligeros y sin bordes. El grosor de las bolsas y el tama\u00f1o de la base dependen del embalaje. Capacidad de carga m\u00e1xima: 2000 gramos. Tenga en cuenta que no se aceptan reclamaciones relativas a otros productos. Las bolsas pueden utilizarse para productos grasos y arom\u00e1ticos. Las bolsas est\u00e1n disponibles en 6 tama\u00f1os (ml): 100, 250, 500, 750, 1000, 2000 Ancho del sellado vertical: 5 mm +\/- 1 mm Ventajas de nuestras bolsas de papel ECO SMALL WINDOW: &#8211; soluciones de alta calidad &#8211; PAPEL 45\/PET 12\/CPP 30 &#8211; sellados fuertes de aprox. 6-7 mm &#8211; fondo plegable &#8211; amplia gama de tama\u00f1os &#8211; muesca est\u00e1ndar para una f\u00e1cil apertura &#8211; aprobado para contacto con alimentos Bolsas con selladora t\u00e9rmica. Ejemplos de aplicaciones: para especias, frutas secas, semillas, t\u00e9, condimentos, hierbas secas, dulces&#8230; Ventajas de nuestras bolsas de papel ECO SMALL WINDOW: &#8211; cremallera de alta calidad &#8211; PAPEL 45\/PET 12\/CPP 30 &#8211; sellos resistentes, aprox. 6-7 mm de ancho &#8211; base plegable &#8211; amplia selecci\u00f3n de tama\u00f1os &#8211; muesca est\u00e1ndar para facilitar la apertura &#8211; apto para uso alimentario<\/p>\n","protected":false},"excerpt":{"rendered":"<p>Bolsas de papel ecol\u00f3gicas con ventana oculta y cierre de cremallera, dise\u00f1adas para uso dom\u00e9stico. Estas bolsas est\u00e1n fabricadas con<\/p>\n","protected":false},"featured_media":4809,"comment_status":"open","ping_status":"closed","template":"","meta":[],"product_brand":[],"product_cat":[570],"product_tag":[573,574,571,572],"class_list":{"0":"post-4832","1":"product","2":"type-product","3":"status-publish","4":"has-post-thumbnail","6":"product_cat-doypack-stand-up-pouch-es","7":"product_tag-doypack-es","8":"product_tag-doypack-bag-es","9":"product_tag-doypack-eco-es","10":"product_tag-doypack-stand-up-pouches-es","11":"pa_velikost-110x185x65-mm","12":"pa_velikost-130x225x70-mm","13":"pa_velikost-160x270x80-mm","14":"pa_velikost-180x290x80-mm","15":"pa_velikost-210x310x110-mm","16":"pa_velikost-250x335x130-mm","17":"pa_velikost-85x145x50-mm","19":"first","20":"instock","21":"taxable","22":"shipping-taxable","23":"purchasable","24":"product-type-variable"},"jetpack_sharing_enabled":true,"_links":{"self":[{"href":"https:\/\/helpack.eu\/es\/wp-json\/wp\/v2\/product\/4832","targetHints":{"allow":["GET"]}}],"collection":[{"href":"https:\/\/helpack.eu\/es\/wp-json\/wp\/v2\/product"}],"about":[{"href":"https:\/\/helpack.eu\/es\/wp-json\/wp\/v2\/types\/product"}],"replies":[{"embeddable":true,"href":"https:\/\/helpack.eu\/es\/wp-json\/wp\/v2\/comments?post=4832"}],"wp:featuredmedia":[{"embeddable":true,"href":"https:\/\/helpack.eu\/es\/wp-json\/wp\/v2\/media\/4809"}],"wp:attachment":[{"href":"https:\/\/helpack.eu\/es\/wp-json\/wp\/v2\/media?parent=4832"}],"wp:term":[{"taxonomy":"product_brand","embeddable":true,"href":"https:\/\/helpack.eu\/es\/wp-json\/wp\/v2\/product_brand?post=4832"},{"taxonomy":"product_cat","embeddable":true,"href":"https:\/\/helpack.eu\/es\/wp-json\/wp\/v2\/product_cat?post=4832"},{"taxonomy":"product_tag","embeddable":true,"href":"https:\/\/helpack.eu\/es\/wp-json\/wp\/v2\/product_tag?post=4832"}],"curies":[{"name":"wp","href":"https:\/\/api.w.org\/{rel}","templated":true}]}}