{"id":4827,"date":"2026-04-29T11:15:33","date_gmt":"2026-04-29T09:15:33","guid":{"rendered":"https:\/\/helpack.eu\/shop\/uncategorized\/pystypussi-doypack-eco-small-window-plus-pap-pet-pe-helposti-avattava\/"},"modified":"2026-04-29T11:15:33","modified_gmt":"2026-04-29T09:15:33","slug":"pystypussi-doypack-eco-small-window-plus-pap-pet-pe-helposti-avattava","status":"publish","type":"product","link":"https:\/\/helpack.eu\/fi\/shop\/doypack-stand-up-pouch-fi\/pystypussi-doypack-eco-small-window-plus-pap-pet-pe-helposti-avattava\/","title":{"rendered":"Pystypussi doypack ECO SMALL WINDOW PLUS PAP\/PET\/PE + helposti avattava"},"content":{"rendered":"<p>Kotik\u00e4ytt\u00f6\u00f6n suunnitellut ECO PAPER -pussit, joissa on piilotettu ikkuna ja vetoketju. N\u00e4m\u00e4 pussit on valmistettu foliolla p\u00e4\u00e4llystetyst\u00e4 paperista ja ne on suunniteltu kevyiden, reunattomien tuotteiden s\u00e4ilytykseen. Pussien paksuus ja pohjan koko m\u00e4\u00e4r\u00e4ytyv\u00e4t pakkauksen mukaan. Suurin kuormakapasiteetti: 50 grammaa. Huomioithan, ett\u00e4 muita tuotteita koskevia valituksia ei hyv\u00e4ksyt\u00e4. Pusseja voidaan k\u00e4ytt\u00e4\u00e4 rasvaisille ja aromaattisille tuotteille. Pusseja on saatavana kuudessa koossa (ml): 100, 250, 500, 750, 1000, 2000. Pystysuuntaisen sauman leveys: 5 mm +\/- 1 mm. ECO SMALL WINDOW -paperipussien edut: &#8211; korkealaatuiset ratkaisut &#8211; PAPER 45\/PET 12\/CPP 30 &#8211; vahvat saumat, noin &#8230; 6\u20137 mm \u2013 taitettava pohja \u2013 laaja kokovalikoima \u2013 vakiolovi helppoa avaamista varten \u2013 hyv\u00e4ksytty elintarvikek\u00e4ytt\u00f6\u00f6n. Pussit l\u00e4mp\u00f6saumaajalla. Esimerkkisovelluksia: mausteille, kuivatuille hedelmille, siemenille, teelle, mausteseoksille, kuivatuille yrteille, makeisille&#8230; ECO SMALL WINDOW -paperikassien edut: &#8211; korkealaatuinen vetoketju &#8211; PAPER 45\/PET 12\/CPP 30 &#8211; vahvat saumat, noin. 6\u20137 mm leve\u00e4 \u2013 taitettava pohja \u2013 laaja kokovalikoima \u2013 vakiolovi helppoa avaamista varten \u2013 elintarviketurvallinen<\/p>\n","protected":false},"excerpt":{"rendered":"<p>Kotik\u00e4ytt\u00f6\u00f6n suunnitellut ECO PAPER -pussit, joissa on piilotettu ikkuna ja vetoketju. N\u00e4m\u00e4 pussit on valmistettu foliolla p\u00e4\u00e4llystetyst\u00e4 paperista ja ne<\/p>\n","protected":false},"featured_media":4797,"comment_status":"open","ping_status":"closed","template":"","meta":[],"product_brand":[],"product_cat":[546],"product_tag":[549,550,547,548],"class_list":{"0":"post-4827","1":"product","2":"type-product","3":"status-publish","4":"has-post-thumbnail","6":"product_cat-doypack-stand-up-pouch-fi","7":"product_tag-doypack-fi","8":"product_tag-doypack-bag-fi","9":"product_tag-doypack-eco-fi","10":"product_tag-doypack-stand-up-pouches-fi","11":"pa_velikost-110x185x65-mm","12":"pa_velikost-130x225x70-mm","13":"pa_velikost-160x270x80-mm","14":"pa_velikost-180x290x80-mm","15":"pa_velikost-210x310x110-mm","16":"pa_velikost-250x335x130-mm","17":"pa_velikost-85x145x50-mm","19":"first","20":"instock","21":"taxable","22":"shipping-taxable","23":"purchasable","24":"product-type-variable"},"jetpack_sharing_enabled":true,"_links":{"self":[{"href":"https:\/\/helpack.eu\/fi\/wp-json\/wp\/v2\/product\/4827","targetHints":{"allow":["GET"]}}],"collection":[{"href":"https:\/\/helpack.eu\/fi\/wp-json\/wp\/v2\/product"}],"about":[{"href":"https:\/\/helpack.eu\/fi\/wp-json\/wp\/v2\/types\/product"}],"replies":[{"embeddable":true,"href":"https:\/\/helpack.eu\/fi\/wp-json\/wp\/v2\/comments?post=4827"}],"wp:featuredmedia":[{"embeddable":true,"href":"https:\/\/helpack.eu\/fi\/wp-json\/wp\/v2\/media\/4797"}],"wp:attachment":[{"href":"https:\/\/helpack.eu\/fi\/wp-json\/wp\/v2\/media?parent=4827"}],"wp:term":[{"taxonomy":"product_brand","embeddable":true,"href":"https:\/\/helpack.eu\/fi\/wp-json\/wp\/v2\/product_brand?post=4827"},{"taxonomy":"product_cat","embeddable":true,"href":"https:\/\/helpack.eu\/fi\/wp-json\/wp\/v2\/product_cat?post=4827"},{"taxonomy":"product_tag","embeddable":true,"href":"https:\/\/helpack.eu\/fi\/wp-json\/wp\/v2\/product_tag?post=4827"}],"curies":[{"name":"wp","href":"https:\/\/api.w.org\/{rel}","templated":true}]}}