{"id":4870,"date":"2026-04-29T14:45:14","date_gmt":"2026-04-29T12:45:14","guid":{"rendered":"https:\/\/helpack.eu\/shop\/uncategorized\/doypack-pussit-eco-plus-alu-pap-al-pe\/"},"modified":"2026-04-29T15:16:24","modified_gmt":"2026-04-29T13:16:24","slug":"doypack-pussit-eco-plus-alu-pap-al-pe","status":"publish","type":"product","link":"https:\/\/helpack.eu\/fi\/shop\/doypack-stand-up-pouch-fi\/doypack-pussit-eco-plus-alu-pap-al-pe\/","title":{"rendered":"Doypack-pussit ECO PLUS ALU PAP\/AL\/PE"},"content":{"rendered":"<div class=\"wpb-content-wrapper\"><p>[vc_row][vc_column][vc_column_text css=&#8221;&#8221; woodmart_inline=&#8221;no&#8221; text_larger=&#8221;no&#8221;]<span dir=\"auto\" style=\"vertical-align: inherit;\"><span dir=\"auto\" style=\"vertical-align: inherit;\"><span dir=\"auto\" style=\"vertical-align: inherit;\"><span dir=\"auto\" style=\"vertical-align: inherit;\">ECO PLUS ALU -paperipussit, joilla on korkeat haju-, kosteus- ja valonkest\u00e4vyysominaisuudet. Vetoketjullinen pakkaus irrotettavalla sulkimella. PAP\/AL\/PE-laminaatista valmistetut ja foliolla vuoratut pussit mahdollistavat tuotteiden s\u00e4ilytt\u00e4misen irtonaisesti tai puoliirtona, mik\u00e4 varmistaa korkeat suojaominaisuudet. ECO-paperipussimme edut: Korkealaatuinen 40 mm paksu nauhapaperi \/ 8 mm paksu alumiini \/ 70 mm paksu polyeteeni. Mocne zgrzewy o szeroko\u015bci oko\u0142o 6 mm. z\u0142o\u017cone dn. Laaja kokovalikoima: 100, 250, 500, 750, 1000, 2000, 3000 ml. Elintarviketurvallinen. Esimerkkej\u00e4 sovelluksista: Kuivattujen hedelmien, siementen, teen, leiv\u00e4n, makeisten kuivaamiseen&#8230; Torby z dodatkowymi urz\u0105dzeniami zgrzewaj\u0105cymi za pomoc\u0105 zgrzewarek.<\/span><\/span><\/span><\/span>[\/vc_column_text][\/vc_column][\/vc_row]<\/p>\n<\/div>","protected":false},"excerpt":{"rendered":"<p>[vc_row][vc_column][vc_column_text css=&#8221;&#8221; woodmart_inline=&#8221;no&#8221; text_larger=&#8221;no&#8221;]ECO PLUS ALU -paperipussit, joilla on korkeat haju-, kosteus- ja valonkest\u00e4vyysominaisuudet. Vetoketjullinen pakkaus irrotettavalla sulkimella. PAP\/AL\/PE-laminaatista valmistetut<\/p>\n","protected":false},"featured_media":4842,"comment_status":"open","ping_status":"closed","template":"","meta":[],"product_brand":[],"product_cat":[546,619],"product_tag":[620,622,621,623],"class_list":{"0":"post-4870","1":"product","2":"type-product","3":"status-publish","4":"has-post-thumbnail","6":"product_cat-doypack-stand-up-pouch-fi","7":"product_cat-joustavat-pakkauspussit-ja-kalvot","8":"product_tag-doypack-alu-fi","9":"product_tag-doypack-bag-kraft-fi","10":"product_tag-doypack-kraft-aluminium-fi","11":"product_tag-doypack-paper-kraft-fi","12":"pa_velikost-110x185x65-mm","13":"pa_velikost-130x225x70-mm","14":"pa_velikost-160x270x80-mm","15":"pa_velikost-180x290x80-mm","16":"pa_velikost-210x310x110-mm","17":"pa_velikost-250x335x130-mm","18":"pa_velikost-300x370x160-mm","19":"pa_velikost-85x145x50-mm","21":"first","22":"instock","23":"taxable","24":"shipping-taxable","25":"purchasable","26":"product-type-variable"},"jetpack_sharing_enabled":true,"_links":{"self":[{"href":"https:\/\/helpack.eu\/fi\/wp-json\/wp\/v2\/product\/4870","targetHints":{"allow":["GET"]}}],"collection":[{"href":"https:\/\/helpack.eu\/fi\/wp-json\/wp\/v2\/product"}],"about":[{"href":"https:\/\/helpack.eu\/fi\/wp-json\/wp\/v2\/types\/product"}],"replies":[{"embeddable":true,"href":"https:\/\/helpack.eu\/fi\/wp-json\/wp\/v2\/comments?post=4870"}],"wp:featuredmedia":[{"embeddable":true,"href":"https:\/\/helpack.eu\/fi\/wp-json\/wp\/v2\/media\/4842"}],"wp:attachment":[{"href":"https:\/\/helpack.eu\/fi\/wp-json\/wp\/v2\/media?parent=4870"}],"wp:term":[{"taxonomy":"product_brand","embeddable":true,"href":"https:\/\/helpack.eu\/fi\/wp-json\/wp\/v2\/product_brand?post=4870"},{"taxonomy":"product_cat","embeddable":true,"href":"https:\/\/helpack.eu\/fi\/wp-json\/wp\/v2\/product_cat?post=4870"},{"taxonomy":"product_tag","embeddable":true,"href":"https:\/\/helpack.eu\/fi\/wp-json\/wp\/v2\/product_tag?post=4870"}],"curies":[{"name":"wp","href":"https:\/\/api.w.org\/{rel}","templated":true}]}}