{"id":3116,"date":"2024-11-06T21:13:58","date_gmt":"2024-11-06T20:13:58","guid":{"rendered":"https:\/\/helpack.eu\/?post_type=product&#038;p=3116"},"modified":"2025-11-10T13:49:44","modified_gmt":"2025-11-10T12:49:44","slug":"sacs-doypack-avec-impression-numerique-minimum-50-pieces","status":"publish","type":"product","link":"https:\/\/helpack.eu\/fr\/shop\/flexible-packaging-bags-films\/labels\/sacs-doypack-avec-impression-numerique-minimum-50-pieces\/","title":{"rendered":"Sacs Doypack avec impression num\u00e9rique, minimum 50 pi\u00e8ces."},"content":{"rendered":"<p>Boostez vos ventes gr\u00e2ce \u00e0 un emballage distinctif<\/p>\n<p>Vous lancez un nouveau produit ou souhaitez am\u00e9liorer votre emballage\u00a0? Helppack accompagne des milliers de marques \u00e0 travers le monde dans la cr\u00e9ation d&#8217;emballages personnalis\u00e9s, flexibles et de haute qualit\u00e9 qui se d\u00e9marquent en rayon. Que vous soyez une start-up ou une marque \u00e9tablie, nous proposons des solutions innovantes et sur mesure, adapt\u00e9es \u00e0 chaque march\u00e9. D\u00e9marquez-vous et augmentez vos ventes gr\u00e2ce \u00e0 un emballage alliant durabilit\u00e9, rapidit\u00e9 et haute qualit\u00e9.<\/p>\n<p>Durable et recyclable\u00a0: sachets 100\u00a0% poly\u00e9thyl\u00e8ne con\u00e7us pour un recyclage facile sans compromis sur la r\u00e9sistance.<\/p>\n<p>Impression haute r\u00e9solution\u00a0: profitez de graphismes \u00e9clatants et pr\u00e9cis gr\u00e2ce \u00e0 la flexibilit\u00e9 de l&rsquo;impression num\u00e9rique.<\/p>\n<p>Production rapide\u00a0: d\u00e9lais de livraison parmi les plus courts du secteur, en seulement 5 \u00e0 10\u00a0jours ouvr\u00e9s.<\/p>\n<p>Adaptation sur mesure\u00a0: sachets personnalis\u00e9s, parfaitement adapt\u00e9s aux besoins de votre produit.<\/p>\n<p>Pourquoi les doypacks et les sachets m\u00e9tallis\u00e9s sont-ils la solution id\u00e9ale\u00a0?<\/p>\n<p>Les doypacks et les sachets m\u00e9tallis\u00e9s constituent une solution d&#8217;emballage innovante et polyvalente. Gr\u00e2ce \u00e0 leur conception et aux technologies de production modernes, ils sont le choix id\u00e9al pour une large gamme de produits. Que vous ayez besoin d&#8217;emballages pour des produits alimentaires, cosm\u00e9tiques ou chimiques, les doypacks et les sachets aluminium offrent une protection optimale et un attrait esth\u00e9tique ind\u00e9niable. Leur durabilit\u00e9 et leur \u00e9tanch\u00e9it\u00e9 exceptionnelles garantissent la fra\u00eecheur et la qualit\u00e9 des produits pendant longtemps, un point crucial pour les consommateurs comme pour les fabricants.<\/p>\n<p>Quelles sont les fonctionnalit\u00e9s des doypacks et des sachets aluminium\u00a0?<\/p>\n<p>Donnez vie \u00e0 votre produit gr\u00e2ce \u00e0 un emballage personnalis\u00e9. La fonctionnalit\u00e9 est l&rsquo;un des principaux atouts des doypacks et des sachets aluminium. L\u00e9gers, faciles \u00e0 stocker et \u00e0 transporter, ils sont aussi extr\u00eamement pratiques \u00e0 utiliser. Gr\u00e2ce \u00e0 des fermetures sp\u00e9ciales, comme une fermeture \u00e9clair, ils permettent une ouverture et une fermeture r\u00e9p\u00e9t\u00e9es, pour un confort d&rsquo;utilisation accru. De plus, leur conception permet une pr\u00e9sentation verticale en rayon, ce qui am\u00e9liore non seulement l&rsquo;esth\u00e9tique de la pr\u00e9sentation, mais aussi la visibilit\u00e9 du produit et attire l&rsquo;attention des clients. Les doypacks et les sachets peuvent \u00e9galement \u00eatre \u00e9quip\u00e9s d&rsquo;Euroholes ou de perforations rondes, permettant ainsi de les suspendre dans des espaces de pr\u00e9sentation d\u00e9di\u00e9s, facilitant encore davantage leur pr\u00e9sentation et leur accessibilit\u00e9 pour les clients.<\/p>\n<p>Un impact positif sur l&rsquo;environnement\u00a0?<\/p>\n<p>Les doypacks et les sachets aluminium, gr\u00e2ce aux mat\u00e9riaux utilis\u00e9s pour leur fabrication, permettent de r\u00e9duire consid\u00e9rablement l&rsquo;impact environnemental. L&rsquo;utilisation de mat\u00e9riaux biod\u00e9gradables ou recyclables de pointe les rend plus \u00e9cologiques. De plus, la r\u00e9duction de la quantit\u00e9 de mat\u00e9riau n\u00e9cessaire \u00e0 leur production se traduit par une consommation moindre de mati\u00e8res premi\u00e8res et d&rsquo;\u00e9nergie.<\/p>\n<p>Types d&rsquo;options disponibles\u00a0?<\/p>\n<p>Les doypacks et les sachets aluminium peuvent \u00eatre \u00e9quip\u00e9s de divers accessoires qui am\u00e9liorent leur fonctionnalit\u00e9 et leur attrait. Les d\u00e9coupes laser permettent une ouverture esth\u00e9tique de l&#8217;emballage sans effort, pour plus de praticit\u00e9 et d&rsquo;esth\u00e9tique. Une fermeture \u00e0 glissi\u00e8re permet des ouvertures et fermetures r\u00e9p\u00e9t\u00e9es, pour un confort d&rsquo;utilisation accru. Les ouvertures faciles facilitent l&rsquo;ouverture de l&#8217;emballage sans ciseaux. Les angles peuvent \u00eatre nets ou arrondis, permettant ainsi de personnaliser l&rsquo;apparence de l&#8217;emballage. Des perforations suppl\u00e9mentaires, telles que des perforations europ\u00e9ennes ou rondes, facilitent la suspension des produits en rayon, am\u00e9liorant leur accessibilit\u00e9 pour les clients et renfor\u00e7ant leur attrait visuel.<\/p>\n<p>Finitions d&#8217;emballage polym\u00e8re disponibles\u00a0?<\/p>\n<p>Les emballages polym\u00e8res peuvent \u00eatre finis de diverses mani\u00e8res pour r\u00e9pondre \u00e0 diff\u00e9rents besoins et pr\u00e9f\u00e9rences esth\u00e9tiques. Une finition brillante conf\u00e8re \u00e0 l&#8217;emballage une allure \u00e9l\u00e9gante et luxueuse, attirant l&rsquo;attention des clients. Une finition mate cr\u00e9e un effet plus sobre et moderne, id\u00e9al pour les produits haut de gamme. Une finition soft-touch offre un toucher d\u00e9licat et agr\u00e9able, renfor\u00e7ant l&rsquo;attrait du produit. Chacune de ces finitions pr\u00e9sente des avantages uniques, permettant une ad\u00e9quation parfaite entre l&#8217;emballage, la marque et le produit.<\/p>\n<p>Pourquoi acheter vos sachets et doypacks chez nous ?<\/p>\n<p>En choisissant nos doypacks et doypacks, vous optez pour la qualit\u00e9 et le professionnalisme. Nous proposons une large gamme de laminages et de finitions, permettant une personnalisation compl\u00e8te de l&#8217;emballage selon vos besoins.<\/p>\n<p>Notre ligne de production moderne nous permet d&rsquo;offrir des d\u00e9lais de livraison courts, un atout essentiel sur un march\u00e9 en constante \u00e9volution. Gr\u00e2ce \u00e0 notre exp\u00e9rience et \u00e0 notre technologie de pointe, nous sommes en mesure de relever les d\u00e9fis les plus exigeants, en fournissant des emballages qui non seulement prot\u00e8gent le produit, mais lui conf\u00e8rent \u00e9galement une qualit\u00e9 sup\u00e9rieure.<\/p>\n<p>Elles attirent l&rsquo;attention et contribuent \u00e0 une image de marque positive.<\/p>\n<p>Foire aux questions sur les emballages Helpack<\/p>\n<p>Quels types de produits peuvent \u00eatre conditionn\u00e9s dans des sachets Helppack\u00a0?<\/p>\n<p>Les sachets Helpack sont polyvalents et conviennent \u00e0 presque tous les march\u00e9s, notamment l&rsquo;agroalimentaire, les produits pour animaux, les cosm\u00e9tiques, les produits pharmaceutiques et bien d&rsquo;autres. Leur conception durable et flexible garantit la fra\u00eecheur et la protection de vos produits, quel que soit le secteur d&rsquo;activit\u00e9.<\/p>\n<p>Comment sceller mon sachet stand-up\u00a0?<\/p>\n<p>Les sachets stand-up se scellent par thermoscellage.<\/p>\n<p>Puis-je ajouter une fermeture \u00e0 glissi\u00e8re ou des perforations pour une ouverture facile \u00e0 ces sachets\u00a0?<\/p>\n<p>Bien s\u00fbr\u00a0! Vous pouvez personnaliser votre sachet en ajoutant une fermeture \u00e0 glissi\u00e8re ou des perforations, et m\u00eame choisir leur emplacement pour plus de fonctionnalit\u00e9 et de praticit\u00e9.<\/p>\n<p>Quels types d&#8217;emballages proposez-vous\u00a0?<\/p>\n<p>Helpack est un fournisseur d&#8217;emballages flexibles proposant une gamme de solutions sur mesure adapt\u00e9es \u00e0 vos besoins. Nos produits incluent des sachets stand-up, des doypacks, des sachets \u00e0 fond plat, des sachets plats, ainsi que des films et lamin\u00e9s en rouleau pour vos machines d&#8217;emballage. O\u00f9 sont fabriqu\u00e9s les sachets Helppack\u00a0?<\/p>\n<p>Tous nos sachets personnalis\u00e9s sont fabriqu\u00e9s en Europe, dans l\u2019usine la plus proche de chez vous, pour une livraison plus rapide. Gr\u00e2ce \u00e0 nos sites de production en Pologne et dans d\u2019autres pays, nous garantissons un emballage performant et de haute qualit\u00e9, tout en minimisant notre impact environnemental.<\/p>\n<p>Proposez-vous des sachets recyclables\u00a0?<\/p>\n<p>Oui\u00a0! Nous proposons des emballages enti\u00e8rement recyclables, fabriqu\u00e9s \u00e0 100\u00a0% en poly\u00e9thyl\u00e8ne (PE), avec une fermeture \u00e0 glissi\u00e8re recyclable. Vous pouvez ainsi opter pour un emballage \u00e9cologique sans compromis sur la qualit\u00e9.<\/p>\n<p>Quel est le d\u00e9lai de production pour les sachets souples personnalis\u00e9s\u00a0?<\/p>\n<p>Une fois votre design valid\u00e9, la production de vos sachets personnalis\u00e9s sera r\u00e9alis\u00e9e sous 5 \u00e0 10\u00a0jours ouvr\u00e9s.<\/p>\n<p>Lib\u00e9rez le potentiel de votre marque<\/p>\n<p>\u00c9liminez les contraintes des \u00e9tiquettes et des designs obsol\u00e8tes. Avec des sachets stand-up imprim\u00e9s, personnalisables et de haute qualit\u00e9, vos produits se d\u00e9marqueront par un look exclusif qui attirera tous les regards en rayon. Modernes, \u00e9l\u00e9gants et con\u00e7us pour impressionner, ils donneront \u00e0 votre marque la visibilit\u00e9 qu\u2019elle m\u00e9rite. Besoin d\u2019aide pour la conception de vos emballages\u00a0? Notre \u00e9quipe est \u00e0 votre disposition pour vous conseiller.<\/p>\n<p>D\u00e9couvrez les avantages de nos sachets stand-up<\/p>\n<p>Gagnez de la place et de l&rsquo;argent<\/p>\n<p>Nos sachets l\u00e9gers et r\u00e9sistants sont parfaits pour conditionner des produits lourds, comme les prot\u00e9ines en poudre, et prennent beaucoup moins de place que les grands pots. Cela se traduit par des co\u00fbts de stockage et d&rsquo;exp\u00e9dition r\u00e9duits, ainsi que par une solution \u00e9cologique, id\u00e9ale pour les emballages r\u00e9utilisables.<\/p>\n<p>Commandez plusieurs mod\u00e8les<\/p>\n<p>Vous proposez plusieurs saveurs ou vous en testez une nouvelle\u00a0? Aucun probl\u00e8me\u00a0! Simplifiez votre processus et commandez tout ce dont vous avez besoin en une seule fois, quelle que soit la quantit\u00e9\u00a0: nous nous occupons de tout.<\/p>\n<p>Adoptez un emballage \u00e9coresponsable<\/p>\n<p>Privil\u00e9giez les mat\u00e9riaux recyclables qui offrent des performances sup\u00e9rieures tout en pr\u00e9servant la plan\u00e8te. Montrez \u00e0 vos clients votre engagement en mati\u00e8re de d\u00e9veloppement durable et fid\u00e9lisez une client\u00e8le soucieuse de l&rsquo;environnement et sensible aux choix durables.<\/p>\n<p>Personnalisez votre sachet stand-up<\/p>\n<p>Cr\u00e9ez des sachets stand-up adapt\u00e9s \u00e0 votre produit et \u00e0 votre marque. Choisissez parmi une vari\u00e9t\u00e9 de tailles, de mat\u00e9riaux, de finitions et de caract\u00e9ristiques pour concevoir un emballage \u00e0 la fois fonctionnel et esth\u00e9tique. De la protection de votre produit \u00e0 sa mise en valeur en rayon, chaque d\u00e9tail est personnalis\u00e9 selon vos besoins.<\/p>\n<p>Choisir un mat\u00e9riau<\/p>\n<p>Lors du choix du mat\u00e9riau id\u00e9al pour votre sachet, tenez compte \u00e0 la fois de la protection du produit et de la durabilit\u00e9. Nous proposons une large gamme de mat\u00e9riaux de haute qualit\u00e9, chacun offrant des avantages sp\u00e9cifiques et s&rsquo;adaptant \u00e0 diff\u00e9rents besoins d&#8217;emballage. Que vous recherchiez la durabilit\u00e9, des propri\u00e9t\u00e9s barri\u00e8res ou des solutions \u00e9cologiques, le mat\u00e9riau choisi aura un impact direct sur la qualit\u00e9 et l&rsquo;attrait de votre produit en rayon. Voici les mat\u00e9riaux que nous proposons pour les sachets stand-up\u00a0: PET, PET m\u00e9tallis\u00e9, PE recyclable, BOPP, EVOH.<\/p>\n<p>Choisir une finition<\/p>\n<p>La finition d&rsquo;un sachet influence consid\u00e9rablement son apparence et sa durabilit\u00e9. Choisir la bonne finition am\u00e9liore l&rsquo;impression g\u00e9n\u00e9rale de l&#8217;emballage et garantit sa coh\u00e9rence avec votre identit\u00e9 de marque. Chaque finition offre une esth\u00e9tique distincte, conf\u00e9rant \u00e0 votre produit un aspect unique tout en assurant protection et fonctionnalit\u00e9. Voici les finitions que nous proposons\u00a0:<\/p>\n<p>Finition brillante<\/p>\n<p>Une finition brillante apporte \u00e9clat et d\u00e9finition \u00e0 l&#8217;emballage, refl\u00e9tant la lumi\u00e8re et rehaussant les couleurs, pour un rendu audacieux et attrayant. Durable et r\u00e9sistante aux traces de doigts, elle est id\u00e9ale pour le conditionnement de produits alimentaires et cosm\u00e9tiques qui doivent se d\u00e9marquer en rayon.<\/p>\n<p>finition mate<\/p>\n<p>Finition mate<\/p>\n<p>Une finition mate cr\u00e9e une surface lisse et non r\u00e9fl\u00e9chissante qui conf\u00e8re au produit une allure \u00e9l\u00e9gante et moderne. Id\u00e9ale pour les marques \u00e9co-responsables ou artisanales, elle r\u00e9duit les reflets et met en valeur les d\u00e9tails du design pour une pr\u00e9sentation raffin\u00e9e.<\/p>\n<p>Finition douce au toucher<\/p>\n<p>Une finition douce au toucher offre une texture velout\u00e9e qui \u00e9voque le luxe et la qualit\u00e9 sup\u00e9rieure. Elle cr\u00e9e un aspect mat, id\u00e9al pour les produits haut de gamme tels que les soins de la peau, les spiritueux et les produits gastronomiques.<\/p>\n<p>Choisissez vos options<\/p>\n<p>Une encoche d&rsquo;ouverture facile permet une ouverture rapide et sans effort.<\/p>\n<p>Une fen\u00eatre transparente permet de visualiser le produit \u00e0 l&rsquo;int\u00e9rieur de l&#8217;emballage.<\/p>\n<p>Un trou de suspension permet de suspendre le produit \u00e0 un pr\u00e9sentoir.<\/p>\n<p>La fermeture \u00e0 glissi\u00e8re permet une r\u00e9utilisation pour pr\u00e9server la fra\u00eecheur.<\/p>\n<p>D\u00e9couvrez nos films barri\u00e8re<br \/>\nStructure du film barri\u00e8re PE EVOH<\/p>\n<p>D&rsquo;excellentes propri\u00e9t\u00e9s de barri\u00e8re contre l&rsquo;humidit\u00e9, l&rsquo;oxyg\u00e8ne et les ar\u00f4mes prolongent la dur\u00e9e de conservation du produit.<\/p>\n<p>Une r\u00e9sistance exceptionnelle et une \u00e9tanch\u00e9it\u00e9 parfaite, obtenues gr\u00e2ce \u00e0 la technologie de soudage thermique, garantissent une protection efficace du produit. Convient pour l&#8217;emballage des aliments surgel\u00e9s, des aliments pour animaux, des en-cas, du th\u00e9 et du caf\u00e9.<\/p>\n<p>Structure du mat\u00e9riau<\/p>\n<p>(A) PE semi-mat 25 \u00b5m<\/p>\n<p>(B) Barri\u00e8re PE EVOH blanche 89 \u00b5m<\/p>\n<p>Propri\u00e9t\u00e9s<\/p>\n<p>Transparence : Blanc opaque<\/p>\n<p>Durabilit\u00e9 : Film lamin\u00e9 monomati\u00e8re en poly\u00e9thyl\u00e8ne (PE) recyclable, dot\u00e9 de la technologie avanc\u00e9e de barri\u00e8re PE EVOH. Con\u00e7u pour un recyclage optimal.<\/p>\n<p>Structure du film avec barri\u00e8re MET PET<\/p>\n<p>Excellentes propri\u00e9t\u00e9s barri\u00e8res contre l&rsquo;humidit\u00e9, l&rsquo;oxyg\u00e8ne et les ar\u00f4mes, prolongeant la dur\u00e9e de conservation.<\/p>\n<p>Une finition mate haut de gamme au toucher doux offre une meilleure exp\u00e9rience client et une diff\u00e9renciation de la marque.<\/p>\n<p>La couche de polyester m\u00e9tallis\u00e9 (METPET) haute barri\u00e8re assure une excellente protection contre les facteurs externes.<\/p>\n<p>Structure du mat\u00e9riau<\/p>\n<p>(A) PET doux au toucher 14 \u00b5m<\/p>\n<p>(B) Barri\u00e8re METPET 12 \u00b5m<\/p>\n<p>(C) PE transparent 89 \u00b5m<\/p>\n<p>Propri\u00e9t\u00e9s<\/p>\n<p>Transparence : Finition m\u00e9tallis\u00e9e pour un aspect haut de gamme et une discr\u00e9tion optimale. Durabilit\u00e9 : Conception jetable optimis\u00e9e pour une protection maximale du produit, alliant esth\u00e9tique et haute barri\u00e8re.<\/p>\n<p>Structure du film barri\u00e8re BOPP m\u00e9tallis\u00e9<\/p>\n<p>Excellente barri\u00e8re contre l&rsquo;humidit\u00e9, l&rsquo;oxyg\u00e8ne et les ar\u00f4mes, prolongeant la dur\u00e9e de conservation.<\/p>\n<p>Finition mate haut de gamme pour une exp\u00e9rience client am\u00e9lior\u00e9e et une diff\u00e9renciation de la marque.<\/p>\n<p>Couche BOPP m\u00e9tallis\u00e9e haute barri\u00e8re offrant une excellente protection contre les agressions ext\u00e9rieures.<\/p>\n<p>Structure du mat\u00e9riau<\/p>\n<p>(A) BOPP mat 20 \u00b5m<\/p>\n<p>(B) Barri\u00e8re BOPP m\u00e9tallis\u00e9e 30 \u00b5m<\/p>\n<p>Propri\u00e9t\u00e9s<\/p>\n<p>Transparence : Sans fen\u00eatre \u2013 Finition m\u00e9tallis\u00e9e pour un aspect haut de gamme et une dissimulation optimale.<\/p>\n<p>Durabilit\u00e9 : Mat\u00e9riaux recyclables au Royaume-Uni, en Autriche et en Allemagne.<\/p>\n<p>Structure du film avec barri\u00e8re BOPP ALOX<\/p>\n<p>Excellente barri\u00e8re contre l&rsquo;humidit\u00e9, l&rsquo;oxyg\u00e8ne et les ar\u00f4mes, prolongeant la dur\u00e9e de conservation.<\/p>\n<p>Fen\u00eatre transparente pour une meilleure visibilit\u00e9 du produit et un attrait accru pour le consommateur.<\/p>\n<p>Scellage herm\u00e9tique et tr\u00e8s r\u00e9sistant, garantissant l&rsquo;int\u00e9grit\u00e9 du produit.<\/p>\n<p>Structure du mat\u00e9riau<\/p>\n<p>(A) BOPP HS 20 \u00b5m<\/p>\n<p>(B) Barri\u00e8re BOPP Alox 20 \u00b5m<\/p>\n<p>(C) CPP transparent 30 \u00b5m<\/p>\n<p>Propri\u00e9t\u00e9s<\/p>\n<p>Transparence\u00a0: Fen\u00eatre permettant de visualiser le produit, offrant une excellente apparence et une protection optimale.<\/p>\n<p>Durabilit\u00e9\u00a0: Recyclable uniquement au Royaume-Uni et en Autriche.<\/p>\n","protected":false},"excerpt":{"rendered":"<p>Des sachets stand-up personnalis\u00e9s avec impression, disponibles \u00e0 partir de 50 unit\u00e9s seulement et livr\u00e9s sous 5 \u00e0 10 jours, allient fonctionnalit\u00e9, durabilit\u00e9 et design luxueux, permettant \u00e0 vos produits de se d\u00e9marquer en rayon. Fabriqu\u00e9s avec un film de haute qualit\u00e9 et une impression de pointe, ils offrent des performances exceptionnelles et un aspect unique, parfaits pour tous les secteurs d&rsquo;activit\u00e9.<\/p>\n[ezfc id=\"26\" \/]\n","protected":false},"featured_media":3100,"comment_status":"open","ping_status":"closed","template":"","meta":[],"product_brand":[],"product_cat":[103],"product_tag":[],"class_list":{"0":"post-3116","1":"product","2":"type-product","3":"status-publish","4":"has-post-thumbnail","6":"product_cat-labels","8":"first","9":"onbackorder","10":"taxable","11":"shipping-taxable","12":"purchasable","13":"product-type-simple"},"jetpack_sharing_enabled":true,"_links":{"self":[{"href":"https:\/\/helpack.eu\/fr\/wp-json\/wp\/v2\/product\/3116","targetHints":{"allow":["GET"]}}],"collection":[{"href":"https:\/\/helpack.eu\/fr\/wp-json\/wp\/v2\/product"}],"about":[{"href":"https:\/\/helpack.eu\/fr\/wp-json\/wp\/v2\/types\/product"}],"replies":[{"embeddable":true,"href":"https:\/\/helpack.eu\/fr\/wp-json\/wp\/v2\/comments?post=3116"}],"wp:featuredmedia":[{"embeddable":true,"href":"https:\/\/helpack.eu\/fr\/wp-json\/wp\/v2\/media\/3100"}],"wp:attachment":[{"href":"https:\/\/helpack.eu\/fr\/wp-json\/wp\/v2\/media?parent=3116"}],"wp:term":[{"taxonomy":"product_brand","embeddable":true,"href":"https:\/\/helpack.eu\/fr\/wp-json\/wp\/v2\/product_brand?post=3116"},{"taxonomy":"product_cat","embeddable":true,"href":"https:\/\/helpack.eu\/fr\/wp-json\/wp\/v2\/product_cat?post=3116"},{"taxonomy":"product_tag","embeddable":true,"href":"https:\/\/helpack.eu\/fr\/wp-json\/wp\/v2\/product_tag?post=3116"}],"curies":[{"name":"wp","href":"https:\/\/api.w.org\/{rel}","templated":true}]}}