{"id":4834,"date":"2026-04-29T11:15:33","date_gmt":"2026-04-29T09:15:33","guid":{"rendered":"https:\/\/helpack.eu\/shop\/uncategorized\/sachet-stand-up-doypack-eco-small-window-plus-pap-pet-pe-ouverture-facile\/"},"modified":"2026-04-29T11:15:33","modified_gmt":"2026-04-29T09:15:33","slug":"sachet-stand-up-doypack-eco-small-window-plus-pap-pet-pe-ouverture-facile","status":"publish","type":"product","link":"https:\/\/helpack.eu\/fr\/shop\/doypacks\/sachet-stand-up-doypack-eco-small-window-plus-pap-pet-pe-ouverture-facile\/","title":{"rendered":"Sachet stand up doypack ECO SMALL WINDOW PLUS PAP\/PET\/PE + ouverture facile"},"content":{"rendered":"<p>Sacs en papier \u00e9cologique avec fen\u00eatre invisible et fermeture \u00e9clair, con\u00e7us pour un usage domestique. Fabriqu\u00e9s en papier couch\u00e9 m\u00e9tallis\u00e9, ces sacs sont id\u00e9aux pour le stockage de produits l\u00e9gers et sans ar\u00eates vives. L&rsquo;\u00e9paisseur et la largeur du fond varient selon l&#8217;emballage. Capacit\u00e9 de charge maximale : 2 000 g. Veuillez noter que les r\u00e9clamations concernant d&rsquo;autres produits ne seront pas accept\u00e9es. Ces sacs conviennent aux produits gras et aromatiques. Disponibles en 6 tailles (ml) : 100, 250, 500, 750, 1 000 et 2 000. Largeur de la soudure verticale : 5 mm \u00b1 1 mm. Avantages de nos sacs en papier \u00e9cologiques \u00e0 petite fen\u00eatre : &#8211; solutions de haute qualit\u00e9 &#8211; Papier 45\/PET 12\/CPP 30 &#8211; soudures r\u00e9sistantes d&rsquo;environ 6 \u00e0 7 mm &#8211; fond pliable &#8211; large gamme de tailles &#8211; encoche standard pour une ouverture facile &#8211; aptes au contact alimentaire. Sacs avec thermosoudeuse. Exemples d&rsquo;utilisation : \u00e9pices, fruits secs, graines, th\u00e9, condiments, herbes s\u00e9ch\u00e9es, bonbons\u2026 Avantages de nos sacs en papier ECO SMALL WINDOW : &#8211; fermeture \u00e0 glissi\u00e8re de haute qualit\u00e9 &#8211; PAPIER 45\/PET 12\/CPP 30 &#8211; fermetures r\u00e9sistantes, environ 6-7 mm de large &#8211; fond pliable &#8211; large choix de tailles &#8211; encoche standard pour une ouverture facile &#8211; apte au contact alimentaire          <\/p>\n","protected":false},"excerpt":{"rendered":"<p>Sacs en papier \u00e9cologique avec fen\u00eatre invisible et fermeture \u00e9clair, con\u00e7us pour un usage domestique. Fabriqu\u00e9s en papier couch\u00e9 m\u00e9tallis\u00e9,<\/p>\n","protected":false},"featured_media":4798,"comment_status":"open","ping_status":"closed","template":"","meta":[],"product_brand":[],"product_cat":[410],"product_tag":[582,583,580,581],"class_list":{"0":"post-4834","1":"product","2":"type-product","3":"status-publish","4":"has-post-thumbnail","6":"product_cat-doypacks","7":"product_tag-doypack-fr","8":"product_tag-doypack-bag-fr","9":"product_tag-doypack-eco-fr","10":"product_tag-doypack-stand-up-pouches-fr","11":"pa_velikost-110x185x65-mm","12":"pa_velikost-130x225x70-mm","13":"pa_velikost-160x270x80-mm","14":"pa_velikost-180x290x80-mm","15":"pa_velikost-210x310x110-mm","16":"pa_velikost-250x335x130-mm","17":"pa_velikost-85x145x50-mm","19":"first","20":"instock","21":"taxable","22":"shipping-taxable","23":"purchasable","24":"product-type-variable"},"jetpack_sharing_enabled":true,"_links":{"self":[{"href":"https:\/\/helpack.eu\/fr\/wp-json\/wp\/v2\/product\/4834","targetHints":{"allow":["GET"]}}],"collection":[{"href":"https:\/\/helpack.eu\/fr\/wp-json\/wp\/v2\/product"}],"about":[{"href":"https:\/\/helpack.eu\/fr\/wp-json\/wp\/v2\/types\/product"}],"replies":[{"embeddable":true,"href":"https:\/\/helpack.eu\/fr\/wp-json\/wp\/v2\/comments?post=4834"}],"wp:featuredmedia":[{"embeddable":true,"href":"https:\/\/helpack.eu\/fr\/wp-json\/wp\/v2\/media\/4798"}],"wp:attachment":[{"href":"https:\/\/helpack.eu\/fr\/wp-json\/wp\/v2\/media?parent=4834"}],"wp:term":[{"taxonomy":"product_brand","embeddable":true,"href":"https:\/\/helpack.eu\/fr\/wp-json\/wp\/v2\/product_brand?post=4834"},{"taxonomy":"product_cat","embeddable":true,"href":"https:\/\/helpack.eu\/fr\/wp-json\/wp\/v2\/product_cat?post=4834"},{"taxonomy":"product_tag","embeddable":true,"href":"https:\/\/helpack.eu\/fr\/wp-json\/wp\/v2\/product_tag?post=4834"}],"curies":[{"name":"wp","href":"https:\/\/api.w.org\/{rel}","templated":true}]}}