{"id":4829,"date":"2026-04-29T11:15:33","date_gmt":"2026-04-29T09:15:33","guid":{"rendered":"https:\/\/helpack.eu\/shop\/uncategorized\/pakeliamas-maiselis-doypack-eco-small-window-plus-pap-pet-pe-lengvai-atidaromas\/"},"modified":"2026-04-29T11:15:33","modified_gmt":"2026-04-29T09:15:33","slug":"pakeliamas-maiselis-doypack-eco-small-window-plus-pap-pet-pe-lengvai-atidaromas","status":"publish","type":"product","link":"https:\/\/helpack.eu\/lt\/shop\/doypack-stand-up-pouch-lt\/pakeliamas-maiselis-doypack-eco-small-window-plus-pap-pet-pe-lengvai-atidaromas\/","title":{"rendered":"Pakeliamas mai\u0161elis \u201edoypack\u201c ECO SMALL WINDOW PLUS PAP\/PET\/PE + lengvai atidaromas"},"content":{"rendered":"<p>EKOLOGI\u0160KI POPIERINIAI mai\u0161eliai su pasl\u0117ptu langeliu ir u\u017etrauktuku, skirti naudoti namuose. \u0160ie mai\u0161eliai pagaminti i\u0161 folija dengto popieriaus ir skirti lengviems, be kra\u0161t\u0173 produktams laikyti. Mai\u0161eli\u0173 storis ir dugno dydis priklauso nuo pakuot\u0117s. Maksimali keliamoji galia: 50 gram\u0173. Atkreipkite d\u0117mes\u012f, kad skundai d\u0117l kit\u0173 produkt\u0173 nepriimami. Mai\u0161elius galima naudoti riebaliniams ir aromatiniams produktams. Mai\u0161eliai yra 6 dyd\u017ei\u0173 (ml): 100, 250, 500, 750, 1000, 2000. Vertikalaus u\u017esandarinimo plotis: 5 mm +\/- 1 mm. M\u016bs\u0173 EKOLOGI\u0160K\u0172 MA\u017d\u0172 LANGELI\u0172 popierini\u0173 mai\u0161eli\u0173 privalumai: &#8211; auk\u0161tos kokyb\u0117s sprendimai &#8211; POPIERIUS 45\/PET 12\/CPP 30 &#8211; tvirti ma\u017edaug 6\u20137 mm sandarinimo si\u016bl\u0117s &#8211; sulankstomas dugnas &#8211; platus dyd\u017ei\u0173 pasirinkimas &#8211; standartin\u0117 \u012fpjova lengvam atidarymui &#8211; patvirtinti s\u0105ly\u010diui su maistu. Mai\u0161eliai su terminiu sandarinimu. Pavyzd\u017eiai: prieskoniams, d\u017eiovintiems vaisiams, s\u0117kloms, arbatai, pagardams, d\u017eiovintoms \u017eolel\u0117ms, saldumynams&#8230; M\u016bs\u0173 ECO SMALL WINDOW popierini\u0173 mai\u0161eli\u0173 privalumai: &#8211; auk\u0161tos kokyb\u0117s u\u017etrauktukas &#8211; PAPER 45\/PET 12\/CPP 30 &#8211; tvirti sandarikliai, ma\u017edaug 6-7 mm plo\u010dio &#8211; sulankstomas dugnas &#8211; platus dyd\u017ei\u0173 pasirinkimas &#8211; standartin\u0117 \u012fpjova lengvam atidarymui &#8211; saug\u016bs maistui          <\/p>\n","protected":false},"excerpt":{"rendered":"<p>EKOLOGI\u0160KI POPIERINIAI mai\u0161eliai su pasl\u0117ptu langeliu ir u\u017etrauktuku, skirti naudoti namuose. \u0160ie mai\u0161eliai pagaminti i\u0161 folija dengto popieriaus ir skirti<\/p>\n","protected":false},"featured_media":4803,"comment_status":"open","ping_status":"closed","template":"","meta":[],"product_brand":[],"product_cat":[556],"product_tag":[559,560,557,558],"class_list":{"0":"post-4829","1":"product","2":"type-product","3":"status-publish","4":"has-post-thumbnail","6":"product_cat-doypack-stand-up-pouch-lt","7":"product_tag-doypack-lt","8":"product_tag-doypack-bag-lt","9":"product_tag-doypack-eco-lt","10":"product_tag-doypack-stand-up-pouches-lt","11":"pa_velikost-110x185x65-mm","12":"pa_velikost-130x225x70-mm","13":"pa_velikost-160x270x80-mm","14":"pa_velikost-180x290x80-mm","15":"pa_velikost-210x310x110-mm","16":"pa_velikost-250x335x130-mm","17":"pa_velikost-85x145x50-mm","19":"first","20":"instock","21":"taxable","22":"shipping-taxable","23":"purchasable","24":"product-type-variable"},"jetpack_sharing_enabled":true,"_links":{"self":[{"href":"https:\/\/helpack.eu\/lt\/wp-json\/wp\/v2\/product\/4829","targetHints":{"allow":["GET"]}}],"collection":[{"href":"https:\/\/helpack.eu\/lt\/wp-json\/wp\/v2\/product"}],"about":[{"href":"https:\/\/helpack.eu\/lt\/wp-json\/wp\/v2\/types\/product"}],"replies":[{"embeddable":true,"href":"https:\/\/helpack.eu\/lt\/wp-json\/wp\/v2\/comments?post=4829"}],"wp:featuredmedia":[{"embeddable":true,"href":"https:\/\/helpack.eu\/lt\/wp-json\/wp\/v2\/media\/4803"}],"wp:attachment":[{"href":"https:\/\/helpack.eu\/lt\/wp-json\/wp\/v2\/media?parent=4829"}],"wp:term":[{"taxonomy":"product_brand","embeddable":true,"href":"https:\/\/helpack.eu\/lt\/wp-json\/wp\/v2\/product_brand?post=4829"},{"taxonomy":"product_cat","embeddable":true,"href":"https:\/\/helpack.eu\/lt\/wp-json\/wp\/v2\/product_cat?post=4829"},{"taxonomy":"product_tag","embeddable":true,"href":"https:\/\/helpack.eu\/lt\/wp-json\/wp\/v2\/product_tag?post=4829"}],"curies":[{"name":"wp","href":"https:\/\/api.w.org\/{rel}","templated":true}]}}