{"id":4868,"date":"2026-04-29T14:45:14","date_gmt":"2026-04-29T12:45:14","guid":{"rendered":"https:\/\/helpack.eu\/shop\/uncategorized\/doypack-maiseliai-eco-plus-alu-pap-al-pe\/"},"modified":"2026-04-29T15:00:38","modified_gmt":"2026-04-29T13:00:38","slug":"doypack-maiseliai-eco-plus-alu-pap-al-pe","status":"publish","type":"product","link":"https:\/\/helpack.eu\/lt\/shop\/doypack-stand-up-pouch-lt\/doypack-maiseliai-eco-plus-alu-pap-al-pe\/","title":{"rendered":"Doypack mai\u0161eliai ECO PLUS ALU PAP\/AL\/PE"},"content":{"rendered":"<div class=\"wpb-content-wrapper\"><p>[vc_row][vc_column][vc_column_text css=&#8221;&#8221; woodmart_inline=&#8221;no&#8221; text_larger=&#8221;no&#8221;]<span dir=\"auto\" style=\"vertical-align: inherit;\"><span dir=\"auto\" style=\"vertical-align: inherit;\"><span dir=\"auto\" style=\"vertical-align: inherit;\"><span dir=\"auto\" style=\"vertical-align: inherit;\">ECO PLUS ALU popieriniai mai\u0161eliai pasi\u017eymi dideliu atsparumu kvapams, dr\u0117gmei ir \u0161viesai. U\u017esegama pakuot\u0117 su u\u017etrauktuku ir atskiru u\u017esegimu. Pagaminti i\u0161 PAP\/AL\/PE laminato ir i\u0161kloti pl\u0117vele, \u0161ie mai\u0161eliai leid\u017eia laikyti palaidus arba pusiau palaidus produktus, u\u017etikrinant auk\u0161t\u0105 barjerin\u012f atsparum\u0105. M\u016bs\u0173 ekologi\u0161k\u0173 popierini\u0173 mai\u0161eli\u0173 privalumai: auk\u0161tos kokyb\u0117s 40 mm storio virvelinis popierius \/ 8 mm storio aliuminis \/ 70 mm storio polietilenas. Tvirtos, ma\u017edaug 6 mm plo\u010dio, sulankstytos suvirinimo si\u016bl\u0117s. Platus dyd\u017ei\u0173 pasirinkimas: 100, 250, 500, 750, 1000, 2000, 3000 ml. Saugu vartoti. Panaudojimo pavyzd\u017eiai: d\u017eiovintiems vaisiams, s\u0117kloms, arbatai, duonai, saldumynams d\u017eiovinti&#8230; Torby z dodatkowymi urz\u0105dzeniami zgrzewaj\u0105cymi za pomoc\u0105 zgrzewarek.<\/span><\/span><\/span><\/span>[\/vc_column_text][\/vc_column][\/vc_row]<\/p>\n<\/div>","protected":false},"excerpt":{"rendered":"<p>[vc_row][vc_column][vc_column_text css=&#8221;&#8221; woodmart_inline=&#8221;no&#8221; text_larger=&#8221;no&#8221;]ECO PLUS ALU popieriniai mai\u0161eliai pasi\u017eymi dideliu atsparumu kvapams, dr\u0117gmei ir \u0161viesai. U\u017esegama pakuot\u0117 su u\u017etrauktuku ir<\/p>\n","protected":false},"featured_media":4848,"comment_status":"open","ping_status":"closed","template":"","meta":[],"product_brand":[],"product_cat":[556,609],"product_tag":[610,612,611,613],"class_list":{"0":"post-4868","1":"product","2":"type-product","3":"status-publish","4":"has-post-thumbnail","6":"product_cat-doypack-stand-up-pouch-lt","7":"product_cat-lankstus-pakavimo-maiseliai-ir-pleveles","8":"product_tag-doypack-alu-lt","9":"product_tag-doypack-bag-kraft-lt","10":"product_tag-doypack-kraft-aluminium-lt","11":"product_tag-doypack-paper-kraft-lt","12":"pa_velikost-110x185x65-mm","13":"pa_velikost-130x225x70-mm","14":"pa_velikost-160x270x80-mm","15":"pa_velikost-180x290x80-mm","16":"pa_velikost-210x310x110-mm","17":"pa_velikost-250x335x130-mm","18":"pa_velikost-300x370x160-mm","19":"pa_velikost-85x145x50-mm","21":"first","22":"instock","23":"taxable","24":"shipping-taxable","25":"purchasable","26":"product-type-variable"},"jetpack_sharing_enabled":true,"_links":{"self":[{"href":"https:\/\/helpack.eu\/lt\/wp-json\/wp\/v2\/product\/4868","targetHints":{"allow":["GET"]}}],"collection":[{"href":"https:\/\/helpack.eu\/lt\/wp-json\/wp\/v2\/product"}],"about":[{"href":"https:\/\/helpack.eu\/lt\/wp-json\/wp\/v2\/types\/product"}],"replies":[{"embeddable":true,"href":"https:\/\/helpack.eu\/lt\/wp-json\/wp\/v2\/comments?post=4868"}],"wp:featuredmedia":[{"embeddable":true,"href":"https:\/\/helpack.eu\/lt\/wp-json\/wp\/v2\/media\/4848"}],"wp:attachment":[{"href":"https:\/\/helpack.eu\/lt\/wp-json\/wp\/v2\/media?parent=4868"}],"wp:term":[{"taxonomy":"product_brand","embeddable":true,"href":"https:\/\/helpack.eu\/lt\/wp-json\/wp\/v2\/product_brand?post=4868"},{"taxonomy":"product_cat","embeddable":true,"href":"https:\/\/helpack.eu\/lt\/wp-json\/wp\/v2\/product_cat?post=4868"},{"taxonomy":"product_tag","embeddable":true,"href":"https:\/\/helpack.eu\/lt\/wp-json\/wp\/v2\/product_tag?post=4868"}],"curies":[{"name":"wp","href":"https:\/\/api.w.org\/{rel}","templated":true}]}}