{"id":4822,"date":"2026-04-29T11:15:33","date_gmt":"2026-04-29T09:15:33","guid":{"rendered":"http:\/\/helpack.eu\/shop\/uncategorized\/staande-doypack-eco-klein-venster-plus-pap-pet-pe-gemakkelijk-te-openen\/"},"modified":"2026-04-29T11:15:33","modified_gmt":"2026-04-29T09:15:33","slug":"staande-doypack-eco-klein-venster-plus-pap-pet-pe-gemakkelijk-te-openen","status":"publish","type":"product","link":"https:\/\/helpack.eu\/nl\/shop\/doypack-stand-up-pouch-nl\/staande-doypack-eco-klein-venster-plus-pap-pet-pe-gemakkelijk-te-openen\/","title":{"rendered":"Staande doypack ECO KLEIN VENSTER PLUS PAP\/PET\/PE + gemakkelijk te openen"},"content":{"rendered":"<p><span dir=\"auto\" style=\"vertical-align: inherit;\"><span dir=\"auto\" style=\"vertical-align: inherit;\">ECO PAPIER zakken met venster en RITSSLUITING &#8211; herbruikbaar. Het is mogelijk dat u met papier uit papier kunt komen, waardoor het product van de struisvogelkrawzi kan worden gebruikt. De hoeveelheid verpakking en bodemmaat zijn gebruikte verpakkingsmaten.   <\/span><\/span><br \/>\n<span dir=\"auto\" style=\"vertical-align: inherit;\"><span dir=\"auto\" style=\"vertical-align: inherit;\">Maximale belasting: 50 gram. Klachten over andere producten worden niet in behandeling genomen.  <\/span><\/span><br \/>\n<span dir=\"auto\" style=\"vertical-align: inherit;\"><span dir=\"auto\" style=\"vertical-align: inherit;\">Torebki mo\u017cna stosowa\u0107 do produkt\u00f3w t\u0142ustych i aromatycznych. Torebki  <\/span><\/span><br \/>\n<span dir=\"auto\" style=\"vertical-align: inherit;\"><span dir=\"auto\" style=\"vertical-align: inherit;\">zijn verkrijgbaar in 6 maten (ml): 100, 250, 500, 750, 1000, 2000 <\/span><\/span><br \/>\n<span dir=\"auto\" style=\"vertical-align: inherit;\"><span dir=\"auto\" style=\"vertical-align: inherit;\">Verticale lasbreedte: 5 mm +\/- 1 mm <\/span><\/span><br \/>\n<span dir=\"auto\" style=\"vertical-align: inherit;\"><span dir=\"auto\" style=\"vertical-align: inherit;\">Zalety naszych torebek papierowych ECO SMALL WINDOW: <\/span><\/span><br \/>\n<span dir=\"auto\" style=\"vertical-align: inherit;\"><span dir=\"auto\" style=\"vertical-align: inherit;\">&#8211; wysokiej jako\u015bci zamek b\u0142yskawiczny <\/span><\/span><br \/>\n<span dir=\"auto\" style=\"vertical-align: inherit;\"><span dir=\"auto\" style=\"vertical-align: inherit;\">&#8211; PAPIER 45\/PET 12\/CPP 30 <\/span><\/span><br \/>\n<span dir=\"auto\" style=\"vertical-align: inherit;\"><span dir=\"auto\" style=\"vertical-align: inherit;\">&#8211; mocne zgrzewy o szeroko\u015bci ok. 6-7 mm <\/span><\/span><br \/>\n<span dir=\"auto\" style=\"vertical-align: inherit;\"><span dir=\"auto\" style=\"vertical-align: inherit;\">&#8211; sk\u0142adane dno <\/span><\/span><br \/>\n<span dir=\"auto\" style=\"vertical-align: inherit;\"><span dir=\"auto\" style=\"vertical-align: inherit;\">&#8211; Ruime keuze aan maten <\/span><\/span><br \/>\n<span dir=\"auto\" style=\"vertical-align: inherit;\"><span dir=\"auto\" style=\"vertical-align: inherit;\">&#8211; standaard snede voor gemakkelijk openen <\/span><\/span><br \/>\n<span dir=\"auto\" style=\"vertical-align: inherit;\"><span dir=\"auto\" style=\"vertical-align: inherit;\">&#8211; dopuszczone do kontaktu z \u017cywno\u015bci\u0105 <\/span><\/span><br \/>\n<span dir=\"auto\" style=\"vertical-align: inherit;\"><span dir=\"auto\" style=\"vertical-align: inherit;\">Torebki z zewn\u0119trznym zgrzewark\u0105. <\/span><\/span><br \/>\n<span dir=\"auto\" style=\"vertical-align: inherit;\"><span dir=\"auto\" style=\"vertical-align: inherit;\">Przyk\u0142adowe zastosowania: do przypraw, suszonych owoc\u00f3w, nasion, herbaty, przypraw, suszonych zi\u00f3\u0142, s\u0142odyczy&#8230; <\/span><\/span><br \/>\n<span dir=\"auto\" style=\"vertical-align: inherit;\"><span dir=\"auto\" style=\"vertical-align: inherit;\">Voordelen van onze ECO SMALL WINDOW papieren tassen: <\/span><\/span><br \/>\n<span dir=\"auto\" style=\"vertical-align: inherit;\"><span dir=\"auto\" style=\"vertical-align: inherit;\">&#8211; hoogwaardige ritssluiting <\/span><\/span><br \/>\n<span dir=\"auto\" style=\"vertical-align: inherit;\"><span dir=\"auto\" style=\"vertical-align: inherit;\">&#8211; PAPIER 45\/PET 12\/CPP 30 <\/span><\/span><br \/>\n<span dir=\"auto\" style=\"vertical-align: inherit;\"><span dir=\"auto\" style=\"vertical-align: inherit;\">&#8211; mocne zgrzewy o szeroko\u015bci ok. 6-7 mm <\/span><\/span><br \/>\n<span dir=\"auto\" style=\"vertical-align: inherit;\"><span dir=\"auto\" style=\"vertical-align: inherit;\">&#8211; rozk\u0142adane dno <\/span><\/span><br \/>\n<span dir=\"auto\" style=\"vertical-align: inherit;\"><span dir=\"auto\" style=\"vertical-align: inherit;\">&#8211; szeroki wyb\u00f3r rozmiar\u00f3w <\/span><\/span><br \/>\n<span dir=\"auto\" style=\"vertical-align: inherit;\"><span dir=\"auto\" style=\"vertical-align: inherit;\">&#8211; standardowe naci\u0119cie u\u0142atwiaj\u0105ce otwieranie <\/span><\/span><br \/>\n<span dir=\"auto\" style=\"vertical-align: inherit;\"><span dir=\"auto\" style=\"vertical-align: inherit;\">&#8211; bezpieczne dla \u017cywno\u015bci<\/span><\/span><\/p>\n","protected":false},"excerpt":{"rendered":"<p>ECO PAPIER zakken met venster en RITSSLUITING &#8211; herbruikbaar. Het is mogelijk dat u met papier uit papier kunt komen,<\/p>\n","protected":false},"featured_media":4796,"comment_status":"open","ping_status":"closed","template":"","meta":[],"product_brand":[],"product_cat":[531],"product_tag":[534,535,532,533],"class_list":{"0":"post-4822","1":"product","2":"type-product","3":"status-publish","4":"has-post-thumbnail","6":"product_cat-doypack-stand-up-pouch-nl","7":"product_tag-doypack-nl","8":"product_tag-doypack-bag-nl","9":"product_tag-doypack-eco-nl","10":"product_tag-doypack-stand-up-pouches-nl","11":"pa_velikost-110x185x65-mm","12":"pa_velikost-130x225x70-mm","13":"pa_velikost-160x270x80-mm","14":"pa_velikost-180x290x80-mm","15":"pa_velikost-210x310x110-mm","16":"pa_velikost-250x335x130-mm","17":"pa_velikost-85x145x50-mm","19":"first","20":"instock","21":"taxable","22":"shipping-taxable","23":"purchasable","24":"product-type-variable"},"jetpack_sharing_enabled":true,"_links":{"self":[{"href":"https:\/\/helpack.eu\/nl\/wp-json\/wp\/v2\/product\/4822","targetHints":{"allow":["GET"]}}],"collection":[{"href":"https:\/\/helpack.eu\/nl\/wp-json\/wp\/v2\/product"}],"about":[{"href":"https:\/\/helpack.eu\/nl\/wp-json\/wp\/v2\/types\/product"}],"replies":[{"embeddable":true,"href":"https:\/\/helpack.eu\/nl\/wp-json\/wp\/v2\/comments?post=4822"}],"wp:featuredmedia":[{"embeddable":true,"href":"https:\/\/helpack.eu\/nl\/wp-json\/wp\/v2\/media\/4796"}],"wp:attachment":[{"href":"https:\/\/helpack.eu\/nl\/wp-json\/wp\/v2\/media?parent=4822"}],"wp:term":[{"taxonomy":"product_brand","embeddable":true,"href":"https:\/\/helpack.eu\/nl\/wp-json\/wp\/v2\/product_brand?post=4822"},{"taxonomy":"product_cat","embeddable":true,"href":"https:\/\/helpack.eu\/nl\/wp-json\/wp\/v2\/product_cat?post=4822"},{"taxonomy":"product_tag","embeddable":true,"href":"https:\/\/helpack.eu\/nl\/wp-json\/wp\/v2\/product_tag?post=4822"}],"curies":[{"name":"wp","href":"https:\/\/api.w.org\/{rel}","templated":true}]}}