{"id":2298,"date":"2024-10-28T12:34:19","date_gmt":"2024-10-28T11:34:19","guid":{"rendered":"https:\/\/helpack.eu\/shop\/torebka-doypack-transparentna-zamkniecie-strunowe\/"},"modified":"2025-11-12T10:38:48","modified_gmt":"2025-11-12T09:38:48","slug":"torebka-doypack-transparentna-zamkniecie-strunowe","status":"publish","type":"product","link":"https:\/\/helpack.eu\/pl\/shop\/doypack-pl\/torebka-doypack-transparentna-zamkniecie-strunowe\/","title":{"rendered":"Torebka doypack transparentna + zamkni\u0119cie strunowe"},"content":{"rendered":"<p>Jeste\u015bmy producentem opakowa\u0144 foliowych z laminat\u00f3w barierowych i monofolii z nadrukiem i bez nadruku. Wykonujemy torebki typu Doypack, Doypack, ze sznurkiem saszetki. W naszej ofercie znajd\u0105 Pa\u0144stwo torebki w kilku standardowych rozmiarach. Gotowe torebki przeznaczone s\u0105 do pakowania r\u0119cznego lub maszynowego.<\/p>\n","protected":false},"excerpt":{"rendered":"<p>Jeste\u015bmy producentem opakowa\u0144 foliowych z laminat\u00f3w barierowych i monofolii z nadrukiem i bez nadruku. Wykonujemy torebki typu Doypack, Doypack, ze<\/p>\n","protected":false},"featured_media":1982,"comment_status":"open","ping_status":"closed","template":"","meta":[],"product_brand":[],"product_cat":[195],"product_tag":[],"class_list":{"0":"post-2298","1":"product","2":"type-product","3":"status-publish","4":"has-post-thumbnail","6":"product_cat-doypack-pl","7":"pa_advantages-do-kontaktu-z-zywnoscia","8":"pa_advantages-do-nadruku","9":"pa_advantages-wodoodporne","10":"pa_advantages-wyprodukowane-w-europie","11":"pa_material3-pet-ldpe-pl","12":"pa_velikost-110x185x70mm-250ml-pet-ldpe-pl","13":"pa_velikost-130x225x70mm-500ml-pet-ldpe-pl","14":"pa_velikost-160x270x80-750ml-pet-ldpe-pl","15":"pa_velikost-180x290x90-1000ml-pet-ldpe-pl","16":"pa_velikost-210x310x110-2000ml-pet-ldpe-pl","17":"pa_velikost-250x350x120-3000ml-pet-ldpe-pl","18":"pa_velikost-300x410x120-5000ml-pet-ldpe-pl","19":"pa_velikost-300x460x120-7000ml-pet-ldpe-pl","21":"first","22":"onbackorder","23":"sale","24":"taxable","25":"shipping-taxable","26":"purchasable","27":"product-type-variable"},"jetpack_sharing_enabled":true,"_links":{"self":[{"href":"https:\/\/helpack.eu\/pl\/wp-json\/wp\/v2\/product\/2298","targetHints":{"allow":["GET"]}}],"collection":[{"href":"https:\/\/helpack.eu\/pl\/wp-json\/wp\/v2\/product"}],"about":[{"href":"https:\/\/helpack.eu\/pl\/wp-json\/wp\/v2\/types\/product"}],"replies":[{"embeddable":true,"href":"https:\/\/helpack.eu\/pl\/wp-json\/wp\/v2\/comments?post=2298"}],"wp:featuredmedia":[{"embeddable":true,"href":"https:\/\/helpack.eu\/pl\/wp-json\/wp\/v2\/media\/1982"}],"wp:attachment":[{"href":"https:\/\/helpack.eu\/pl\/wp-json\/wp\/v2\/media?parent=2298"}],"wp:term":[{"taxonomy":"product_brand","embeddable":true,"href":"https:\/\/helpack.eu\/pl\/wp-json\/wp\/v2\/product_brand?post=2298"},{"taxonomy":"product_cat","embeddable":true,"href":"https:\/\/helpack.eu\/pl\/wp-json\/wp\/v2\/product_cat?post=2298"},{"taxonomy":"product_tag","embeddable":true,"href":"https:\/\/helpack.eu\/pl\/wp-json\/wp\/v2\/product_tag?post=2298"}],"curies":[{"name":"wp","href":"https:\/\/api.w.org\/{rel}","templated":true}]}}