{"id":4819,"date":"2026-04-29T11:15:33","date_gmt":"2026-04-29T09:15:33","guid":{"rendered":"http:\/\/helpack.eu\/shop\/uncategorized\/stand-up-pouche-doypack-eco-small-window-plus-pap-pet-pe-easy-open\/"},"modified":"2026-04-29T11:15:33","modified_gmt":"2026-04-29T09:15:33","slug":"stand-up-pouche-doypack-eco-small-window-plus-pap-pet-pe-easy-open","status":"publish","type":"product","link":"https:\/\/helpack.eu\/pl\/shop\/doypack-pl\/stand-up-pouche-doypack-eco-small-window-plus-pap-pet-pe-easy-open\/","title":{"rendered":"Stand up pouche doypack ECO SMALL WINDOW PLUS PAP\/PET\/PE + easy-open"},"content":{"rendered":"<p>Torebki papierowe ECO z w\u0105skim okienkiem i zamkni\u0119ciem strunowym wielokrotnego u\u017cytku. Torebki te wykonane s\u0105 z papieru powlekanego foli\u0105 wewn\u0119trzn\u0105, przeznaczone do przechowywania lekkich produkt\u00f3w bez ostrych kraw\u0119dzi. Grubo\u015b\u0107 opakowania i rozmiar dna s\u0105 dostosowane do rozmiaru opakowa\u0144.<br \/>\nMaksymalne obci\u0105\u017cenie: 50 gram\u00f3w. Informujemy, \u017ce reklamacje innych produkt\u00f3w nie b\u0119d\u0105 uwzgl\u0119dniane.<br \/>\nTorebki nadaj\u0105 si\u0119 do pakowania produkt\u00f3w t\u0142ustych i aromatycznych.<br \/>\nTorebki dost\u0119pne s\u0105 w 6 rozmiarach (ml): 100, 250, 500, 750, 1000, 2000<br \/>\nSzeroko\u015b\u0107 zgrzewu pionowego: 5 mm +\/- 1 mm<br \/>\nZalety naszych torebek papierowych ECO SMALL WINDOW:<br \/>\n&#8211; wysokiej jako\u015bci zamek b\u0142yskawiczny<br \/>\n&#8211; PAPIER 45\/PET 12\/CPP 30<br \/>\n&#8211; wytrzyma\u0142a, ok.    Zgrzewy o szeroko\u015bci 6-7 mm<br \/>\n&#8211; sk\u0142adane dno<br \/>\n&#8211; szeroki wyb\u00f3r rozmiar\u00f3w<br \/>\n&#8211; standardowe naci\u0119cie u\u0142atwiaj\u0105ce otwieranie<br \/>\n&#8211; dopuszczone do kontaktu z \u017cywno\u015bci\u0105<br \/>\nTorebki z zewn\u0119trznym zgrzewaniem.<br \/>\nPrzyk\u0142adowe zastosowania: do przypraw, suszonych owoc\u00f3w, nasion, herbaty, przypraw, suszonych zi\u00f3\u0142, s\u0142odyczy&#8230;<br \/>\nZalety naszych torebek papierowych ECO SMALL WINDOW:<br \/>\n&#8211; wysokiej jako\u015bci zamek b\u0142yskawiczny<br \/>\n&#8211; PAPIER 45\/PET 12\/CPP 30<br \/>\n&#8211; mocne zgrzewy o szeroko\u015bci ok. 6-7 mm<br \/>\n&#8211; sk\u0142adane dno<br \/>\n&#8211; szeroki wyb\u00f3r rozmiar\u00f3w<br \/>\n&#8211; standardowe naci\u0119cie u\u0142atwiaj\u0105ce otwieranie<br \/>\n&#8211; bezpieczne dla \u017cywno\u015bci<\/p>\n","protected":false},"excerpt":{"rendered":"<p>Torebki papierowe ECO z w\u0105skim okienkiem i zamkni\u0119ciem strunowym wielokrotnego u\u017cytku. Torebki te wykonane s\u0105 z papieru powlekanego foli\u0105 wewn\u0119trzn\u0105,<\/p>\n","protected":false},"featured_media":4804,"comment_status":"open","ping_status":"closed","template":"","meta":[],"product_brand":[],"product_cat":[195],"product_tag":[497],"class_list":{"0":"post-4819","1":"product","2":"type-product","3":"status-publish","4":"has-post-thumbnail","6":"product_cat-doypack-pl","7":"product_tag-doypack-eco-pl","8":"pa_velikost-110x185x65-mm","9":"pa_velikost-130x225x70-mm","10":"pa_velikost-160x270x80-mm","11":"pa_velikost-180x290x80-mm","12":"pa_velikost-210x310x110-mm","13":"pa_velikost-250x335x130-mm","14":"pa_velikost-85x145x50-mm","16":"first","17":"instock","18":"taxable","19":"shipping-taxable","20":"purchasable","21":"product-type-variable"},"jetpack_sharing_enabled":true,"_links":{"self":[{"href":"https:\/\/helpack.eu\/pl\/wp-json\/wp\/v2\/product\/4819","targetHints":{"allow":["GET"]}}],"collection":[{"href":"https:\/\/helpack.eu\/pl\/wp-json\/wp\/v2\/product"}],"about":[{"href":"https:\/\/helpack.eu\/pl\/wp-json\/wp\/v2\/types\/product"}],"replies":[{"embeddable":true,"href":"https:\/\/helpack.eu\/pl\/wp-json\/wp\/v2\/comments?post=4819"}],"wp:featuredmedia":[{"embeddable":true,"href":"https:\/\/helpack.eu\/pl\/wp-json\/wp\/v2\/media\/4804"}],"wp:attachment":[{"href":"https:\/\/helpack.eu\/pl\/wp-json\/wp\/v2\/media?parent=4819"}],"wp:term":[{"taxonomy":"product_brand","embeddable":true,"href":"https:\/\/helpack.eu\/pl\/wp-json\/wp\/v2\/product_brand?post=4819"},{"taxonomy":"product_cat","embeddable":true,"href":"https:\/\/helpack.eu\/pl\/wp-json\/wp\/v2\/product_cat?post=4819"},{"taxonomy":"product_tag","embeddable":true,"href":"https:\/\/helpack.eu\/pl\/wp-json\/wp\/v2\/product_tag?post=4819"}],"curies":[{"name":"wp","href":"https:\/\/api.w.org\/{rel}","templated":true}]}}