{"id":4836,"date":"2026-04-29T14:45:14","date_gmt":"2026-04-29T12:45:14","guid":{"rendered":"https:\/\/helpack.eu\/?post_type=product&#038;p=4836"},"modified":"2026-04-29T15:00:37","modified_gmt":"2026-04-29T13:00:37","slug":"doypack-bags-eco-plus-alu-pap-al-pe","status":"publish","type":"product","link":"https:\/\/helpack.eu\/pt-pt\/shop\/flexible-packaging-bags-films\/doypack\/doypack-bags-eco-plus-alu-pap-al-pe\/","title":{"rendered":"Doypack bags ECO PLUS ALU PAP\/AL\/PE"},"content":{"rendered":"<div class=\"wpb-content-wrapper\"><p>[vc_row][vc_column][vc_column_text css=&#8221;&#8221; woodmart_inline=&#8221;no&#8221; text_larger=&#8221;no&#8221;]<span dir=\"auto\" style=\"vertical-align: inherit;\"><span dir=\"auto\" style=\"vertical-align: inherit;\"><span dir=\"auto\" style=\"vertical-align: inherit;\"><span dir=\"auto\" style=\"vertical-align: inherit;\">Torby papierowe ECO PLUS ALU o wysokiej barierowo\u015bci zapachowej, wilgoci i \u015bwiat\u0142a. Opakowanie strunowe z od\u0142\u0105czonym zamkni\u0119ciem. Wykonane z laminatu PAP\/AL\/PE i wy\u0142o\u017cone foli\u0105 u\u017cytkow\u0105, torby te umo\u017cliwiaj\u0105ce przechowywanie produkt\u00f3w luzem lub p\u00f3\u0142luzem zapewniaj\u0105cym wysok\u0105 barierowo\u015b\u0107. Zalety naszych toreb papierowych ECO: Wysokiej jako\u015bci papier strunowy o grubo\u015bci 40 mm \/ aluminium o grubo\u015bci 8 mm \/ polietylen o grubo\u015bci 70 mm. Mocne zgrzewy o szeroko\u015bci oko\u0142o 6 mm. z\u0142o\u017cone dn. Szeroki wyb\u00f3r rozmiar\u00f3w: 100, 250, 500, 750, 1000, 2000, 3000 ml Bezpieczne dla \u017cywno\u015bci. Przyk\u0142ady zastosowa\u0144: Do suszenia suszonych owoc\u00f3w, nasion, herbaty, pieczywa, s\u0142odyczy&#8230; Torby z dodatkowymi urz\u0105dzeniami zgrzewaj\u0105cymi za pomoc\u0105 zgrzewarek.<\/span><\/span><\/span><\/span>[\/vc_column_text][\/vc_column][\/vc_row]<\/p>\n<\/div>","protected":false},"excerpt":{"rendered":"<p>[vc_row][vc_column][vc_column_text css=&#8221;&#8221; woodmart_inline=&#8221;no&#8221; text_larger=&#8221;no&#8221;]Torby papierowe ECO PLUS ALU o wysokiej barierowo\u015bci zapachowej, wilgoci i \u015bwiat\u0142a. Opakowanie strunowe z od\u0142\u0105czonym zamkni\u0119ciem.<\/p>\n","protected":false},"featured_media":4837,"comment_status":"open","ping_status":"closed","template":"","meta":[],"product_brand":[],"product_cat":[136,441],"product_tag":[590,592,591,593],"class_list":{"0":"post-4836","1":"product","2":"type-product","3":"status-publish","4":"has-post-thumbnail","6":"product_cat-doypack","7":"product_cat-flexible-packaging-bags-films","8":"product_tag-doypack-alu","9":"product_tag-doypack-bag-kraft","10":"product_tag-doypack-kraft-aluminium","11":"product_tag-doypack-paper-kraft","12":"pa_velikost-110x185x65-mm","13":"pa_velikost-130x225x70-mm","14":"pa_velikost-160x270x80-mm","15":"pa_velikost-180x290x80-mm","16":"pa_velikost-210x310x110-mm","17":"pa_velikost-250x335x130-mm","18":"pa_velikost-300x370x160-mm","19":"pa_velikost-85x145x50-mm","21":"first","22":"instock","23":"taxable","24":"shipping-taxable","25":"purchasable","26":"product-type-variable"},"jetpack_sharing_enabled":true,"_links":{"self":[{"href":"https:\/\/helpack.eu\/pt-pt\/wp-json\/wp\/v2\/product\/4836","targetHints":{"allow":["GET"]}}],"collection":[{"href":"https:\/\/helpack.eu\/pt-pt\/wp-json\/wp\/v2\/product"}],"about":[{"href":"https:\/\/helpack.eu\/pt-pt\/wp-json\/wp\/v2\/types\/product"}],"replies":[{"embeddable":true,"href":"https:\/\/helpack.eu\/pt-pt\/wp-json\/wp\/v2\/comments?post=4836"}],"wp:featuredmedia":[{"embeddable":true,"href":"https:\/\/helpack.eu\/pt-pt\/wp-json\/wp\/v2\/media\/4837"}],"wp:attachment":[{"href":"https:\/\/helpack.eu\/pt-pt\/wp-json\/wp\/v2\/media?parent=4836"}],"wp:term":[{"taxonomy":"product_brand","embeddable":true,"href":"https:\/\/helpack.eu\/pt-pt\/wp-json\/wp\/v2\/product_brand?post=4836"},{"taxonomy":"product_cat","embeddable":true,"href":"https:\/\/helpack.eu\/pt-pt\/wp-json\/wp\/v2\/product_cat?post=4836"},{"taxonomy":"product_tag","embeddable":true,"href":"https:\/\/helpack.eu\/pt-pt\/wp-json\/wp\/v2\/product_tag?post=4836"}],"curies":[{"name":"wp","href":"https:\/\/api.w.org\/{rel}","templated":true}]}}