{"id":4828,"date":"2026-04-29T11:15:33","date_gmt":"2026-04-29T09:15:33","guid":{"rendered":"https:\/\/helpack.eu\/shop\/uncategorized\/punga-doypack-eco-small-window-plus-pap-pet-pe-deschidere-usoara\/"},"modified":"2026-04-29T11:15:33","modified_gmt":"2026-04-29T09:15:33","slug":"punga-doypack-eco-small-window-plus-pap-pet-pe-deschidere-usoara","status":"publish","type":"product","link":"https:\/\/helpack.eu\/ro\/shop\/doypack-stand-up-pouch-ro\/punga-doypack-eco-small-window-plus-pap-pet-pe-deschidere-usoara\/","title":{"rendered":"Pung\u0103 doypack ECO SMALL WINDOW PLUS PAP\/PET\/PE + deschidere u\u0219oar\u0103"},"content":{"rendered":"<p>Pungi ECO PAPER cu fereastr\u0103 ascuns\u0103 \u0219i \u00eenchidere cu fermoar, concepute pentru uz casnic. Aceste pungi sunt fabricate din h\u00e2rtie acoperit\u0103 cu folie \u0219i sunt concepute pentru depozitarea produselor u\u0219oare, f\u0103r\u0103 margini. Grosimea pungilor \u0219i dimensiunea fundului sunt calculate \u00een func\u021bie de ambalaj. Capacitate maxim\u0103 de \u00eenc\u0103rcare: V\u0103 rug\u0103m s\u0103 re\u021bine\u021bi c\u0103 nu se accept\u0103 reclama\u021bii privind alte produse. Sacii pot fi utiliza\u021bi pentru produse grase \u0219i aromate. Pungile sunt disponibile \u00een 6 dimensiuni (ml): 100, 250, 500, 750, 1000, 2000 L\u0103\u021bime sigilare vertical\u0103: 5 mm +\/- 1 mm Avantajele pungilor noastre de h\u00e2rtie ECO SMALL WINDOW: &#8211; solu\u021bii de \u00eenalt\u0103 calitate &#8211; H\u00c2RTIE 45\/PET 12\/CPP 30 &#8211; sigilii puternice de aprox. 6-7 mm &#8211; fund pliabil &#8211; gam\u0103 larg\u0103 de dimensiuni &#8211; crest\u0103tur\u0103 standard pentru deschidere u\u0219oar\u0103 &#8211; aprobat pentru contactul cu alimentele. Pungi cu sigilare termic\u0103. Exemple de aplica\u021bii: pentru condimente, fructe uscate, semin\u021be, ceai, sosuri, ierburi uscate, dulciuri&#8230; Avantajele pungilor noastre de h\u00e2rtie ECO SMALL WINDOW: &#8211; fermoar de \u00eenalt\u0103 calitate &#8211; H\u00c2RTIE 45\/PET 12\/CPP 30 &#8211; etan\u0219\u0103ri puternice, aprox. 6-7 mm l\u0103\u021bime &#8211; fund pliabil &#8211; gam\u0103 larg\u0103 de dimensiuni &#8211; crest\u0103tur\u0103 standard pentru deschidere u\u0219oar\u0103 &#8211; sigur pentru alimente<\/p>\n","protected":false},"excerpt":{"rendered":"<p>Pungi ECO PAPER cu fereastr\u0103 ascuns\u0103 \u0219i \u00eenchidere cu fermoar, concepute pentru uz casnic. Aceste pungi sunt fabricate din h\u00e2rtie<\/p>\n","protected":false},"featured_media":4806,"comment_status":"open","ping_status":"closed","template":"","meta":[],"product_brand":[],"product_cat":[551],"product_tag":[554,555,552,553],"class_list":{"0":"post-4828","1":"product","2":"type-product","3":"status-publish","4":"has-post-thumbnail","6":"product_cat-doypack-stand-up-pouch-ro","7":"product_tag-doypack-ro","8":"product_tag-doypack-bag-ro","9":"product_tag-doypack-eco-ro","10":"product_tag-doypack-stand-up-pouches-ro","11":"pa_velikost-110x185x65-mm","12":"pa_velikost-130x225x70-mm","13":"pa_velikost-160x270x80-mm","14":"pa_velikost-180x290x80-mm","15":"pa_velikost-210x310x110-mm","16":"pa_velikost-250x335x130-mm","17":"pa_velikost-85x145x50-mm","19":"first","20":"instock","21":"taxable","22":"shipping-taxable","23":"purchasable","24":"product-type-variable"},"jetpack_sharing_enabled":true,"_links":{"self":[{"href":"https:\/\/helpack.eu\/ro\/wp-json\/wp\/v2\/product\/4828","targetHints":{"allow":["GET"]}}],"collection":[{"href":"https:\/\/helpack.eu\/ro\/wp-json\/wp\/v2\/product"}],"about":[{"href":"https:\/\/helpack.eu\/ro\/wp-json\/wp\/v2\/types\/product"}],"replies":[{"embeddable":true,"href":"https:\/\/helpack.eu\/ro\/wp-json\/wp\/v2\/comments?post=4828"}],"wp:featuredmedia":[{"embeddable":true,"href":"https:\/\/helpack.eu\/ro\/wp-json\/wp\/v2\/media\/4806"}],"wp:attachment":[{"href":"https:\/\/helpack.eu\/ro\/wp-json\/wp\/v2\/media?parent=4828"}],"wp:term":[{"taxonomy":"product_brand","embeddable":true,"href":"https:\/\/helpack.eu\/ro\/wp-json\/wp\/v2\/product_brand?post=4828"},{"taxonomy":"product_cat","embeddable":true,"href":"https:\/\/helpack.eu\/ro\/wp-json\/wp\/v2\/product_cat?post=4828"},{"taxonomy":"product_tag","embeddable":true,"href":"https:\/\/helpack.eu\/ro\/wp-json\/wp\/v2\/product_tag?post=4828"}],"curies":[{"name":"wp","href":"https:\/\/api.w.org\/{rel}","templated":true}]}}