{"id":4869,"date":"2026-04-29T14:45:14","date_gmt":"2026-04-29T12:45:14","guid":{"rendered":"https:\/\/helpack.eu\/shop\/uncategorized\/saci-doypack-eco-plus-alu-pap-al-pe\/"},"modified":"2026-04-29T15:03:05","modified_gmt":"2026-04-29T13:03:05","slug":"saci-doypack-eco-plus-alu-pap-al-pe","status":"publish","type":"product","link":"https:\/\/helpack.eu\/ro\/shop\/doypack-stand-up-pouch-ro\/saci-doypack-eco-plus-alu-pap-al-pe\/","title":{"rendered":"Saci Doypack ECO PLUS ALU PAP\/AL\/PE"},"content":{"rendered":"<div class=\"wpb-content-wrapper\"><p>[vc_row][vc_column][vc_column_text css=&#8221;&#8221; woodmart_inline=&#8221;no&#8221; text_larger=&#8221;no&#8221;]<span dir=\"auto\" style=\"vertical-align: inherit;\"><span dir=\"auto\" style=\"vertical-align: inherit;\"><span dir=\"auto\" style=\"vertical-align: inherit;\"><span dir=\"auto\" style=\"vertical-align: inherit;\">Saci de h\u00e2rtie ECO PLUS ALU cu propriet\u0103\u021bi ridicate de barier\u0103 \u00eempotriva mirosurilor, umezelii \u0219i luminii. Ambalaj cu fermoar \u0219i \u00eenchidere deta\u0219abil\u0103. Wykonane z laminatu PAP\/AL\/PE i wy\u0142o\u017cone foli\u0105 u\u017cytkow\u0105, torby te umo\u017cliwiaj\u0105ce przechowywanie produkt\u00f3w luzem lub p\u00f3\u0142luzem zapewniaj\u0105cym wysok\u0105 barierowo\u015b\u0107. Avantajele pungilor noastre de h\u00e2rtie ECO: H\u00e2rtie de \u00eenalt\u0103 calitate, grosimea de 40 mm \/ aluminiu de 8 mm \/ polietilen\u0103 de 70 mm. Mocne zgrzewy o szeroko\u015bci oko\u0142o 6 mm. z\u0142o\u017cone dn. Selec\u021bie larg\u0103 de dimensiuni: 100, 250, 500, 750, 1000, 2000, 3000 ml. Potrivit pentru uz alimentar. Exemple de aplica\u021bii: Pentru uscarea fructelor uscate, semin\u021belor, ceaiului, p\u00e2inii, dulciurilor&#8230; Torby z dodatkowymi urz\u0105dzeniami zgrzewaj\u0105cymi za pomoc\u0105 zgrzewarek.<\/span><\/span><\/span><\/span>[\/vc_column_text][\/vc_column][\/vc_row]<\/p>\n<\/div>","protected":false},"excerpt":{"rendered":"<p>[vc_row][vc_column][vc_column_text css=&#8221;&#8221; woodmart_inline=&#8221;no&#8221; text_larger=&#8221;no&#8221;]Saci de h\u00e2rtie ECO PLUS ALU cu propriet\u0103\u021bi ridicate de barier\u0103 \u00eempotriva mirosurilor, umezelii \u0219i luminii. Ambalaj<\/p>\n","protected":false},"featured_media":4851,"comment_status":"open","ping_status":"closed","template":"","meta":[],"product_brand":[],"product_cat":[551,614],"product_tag":[615,617,616,618],"class_list":{"0":"post-4869","1":"product","2":"type-product","3":"status-publish","4":"has-post-thumbnail","6":"product_cat-doypack-stand-up-pouch-ro","7":"product_cat-pungi-si-folii-de-ambalare-flexibile","8":"product_tag-doypack-alu-ro","9":"product_tag-doypack-bag-kraft-ro","10":"product_tag-doypack-kraft-aluminium-ro","11":"product_tag-doypack-paper-kraft-ro","12":"pa_velikost-110x185x65-mm","13":"pa_velikost-130x225x70-mm","14":"pa_velikost-160x270x80-mm","15":"pa_velikost-180x290x80-mm","16":"pa_velikost-210x310x110-mm","17":"pa_velikost-250x335x130-mm","18":"pa_velikost-300x370x160-mm","19":"pa_velikost-85x145x50-mm","21":"first","22":"instock","23":"taxable","24":"shipping-taxable","25":"purchasable","26":"product-type-variable"},"jetpack_sharing_enabled":true,"_links":{"self":[{"href":"https:\/\/helpack.eu\/ro\/wp-json\/wp\/v2\/product\/4869","targetHints":{"allow":["GET"]}}],"collection":[{"href":"https:\/\/helpack.eu\/ro\/wp-json\/wp\/v2\/product"}],"about":[{"href":"https:\/\/helpack.eu\/ro\/wp-json\/wp\/v2\/types\/product"}],"replies":[{"embeddable":true,"href":"https:\/\/helpack.eu\/ro\/wp-json\/wp\/v2\/comments?post=4869"}],"wp:featuredmedia":[{"embeddable":true,"href":"https:\/\/helpack.eu\/ro\/wp-json\/wp\/v2\/media\/4851"}],"wp:attachment":[{"href":"https:\/\/helpack.eu\/ro\/wp-json\/wp\/v2\/media?parent=4869"}],"wp:term":[{"taxonomy":"product_brand","embeddable":true,"href":"https:\/\/helpack.eu\/ro\/wp-json\/wp\/v2\/product_brand?post=4869"},{"taxonomy":"product_cat","embeddable":true,"href":"https:\/\/helpack.eu\/ro\/wp-json\/wp\/v2\/product_cat?post=4869"},{"taxonomy":"product_tag","embeddable":true,"href":"https:\/\/helpack.eu\/ro\/wp-json\/wp\/v2\/product_tag?post=4869"}],"curies":[{"name":"wp","href":"https:\/\/api.w.org\/{rel}","templated":true}]}}