{"id":4820,"date":"2026-04-29T11:15:33","date_gmt":"2026-04-29T09:15:33","guid":{"rendered":"http:\/\/helpack.eu\/shop\/uncategorized\/stojacie-vrecko-doypack-eco-male-okienko-plus-pap-pet-pe-lahke-otvaranie\/"},"modified":"2026-04-29T11:15:33","modified_gmt":"2026-04-29T09:15:33","slug":"stojacie-vrecko-doypack-eco-male-okienko-plus-pap-pet-pe-lahke-otvaranie","status":"publish","type":"product","link":"https:\/\/helpack.eu\/sk\/shop\/doypack-stand-up-pouch\/stojacie-vrecko-doypack-eco-male-okienko-plus-pap-pet-pe-lahke-otvaranie\/","title":{"rendered":"Stojacie vrecko doypack ECO MAL\u00c9 OKIENKO PLUS PAP\/PET\/PE + \u013eahk\u00e9 otv\u00e1ranie"},"content":{"rendered":"<p>EKO PAPIEROV\u00c9 TA\u0160KY s \u00fazkym okienkom a opakovane pou\u017eite\u013en\u00fdm ZIPS uz\u00e1verom. Tieto ta\u0161ky s\u00fa vyroben\u00e9 z papiera potiahnut\u00e9ho f\u00f3liou, ur\u010den\u00e9 na skladovanie \u013eahk\u00fdch produktov bez ostr\u00fdch hr\u00e1n. Hr\u00fabka obalu a ve\u013ekos\u0165 dna s\u00fa prisp\u00f4soben\u00e9 ve\u013ekosti balen\u00ed.<br \/>\nMaxim\u00e1lne za\u0165a\u017eenie: 50 gramov. Upozor\u0148ujeme, \u017ee reklam\u00e1cie na in\u00e9 produkty nebud\u00fa akceptovan\u00e9.<br \/>\nTa\u0161ky je mo\u017en\u00e9 pou\u017ei\u0165 na mastn\u00e9 a aromatick\u00e9 produkty.<br \/>\nTa\u0161ky s\u00fa dostupn\u00e9 v 6 ve\u013ekostiach (ml): 100, 250, 500, 750, 1000, 2000<br \/>\n\u0160\u00edrka vertik\u00e1lneho zvaru: 5 mm +\/- 1 mm<br \/>\nV\u00fdhody na\u0161ich EKO papierov\u00fdch ta\u0161iek s MAL\u00ddM OKIENKOM:<br \/>\n&#8211; kvalitn\u00fd zips<br \/>\n&#8211; PAPIER 45\/PET 12\/CPP 30<br \/>\n&#8211; pevn\u00e9, cca.    \u0160\u00edrka zvarov 6-7 mm<br \/>\n&#8211; skladacie dno<br \/>\n&#8211; \u0161irok\u00fd v\u00fdber ve\u013ekost\u00ed<br \/>\n&#8211; \u0161tandardne \u013eahko otv\u00e1rate\u013en\u00fd rez<br \/>\n&#8211; schv\u00e1len\u00e9 pre kontakt s potravinami<br \/>\nVreck\u00e1 s vonkaj\u0161\u00edm zv\u00e1ran\u00edm.<br \/>\nPr\u00edklady pou\u017eitia: na koreniny, su\u0161en\u00e9 ovocie, semen\u00e1, \u010daj, su\u0161en\u00e9 bylinky, sladkosti&#8230;<br \/>\nV\u00fdhody na\u0161ich papierov\u00fdch ta\u0161iek ECO SMALL WINDOW:<br \/>\n&#8211; kvalitn\u00fd zips<br \/>\n&#8211; PAPIER 45\/PET 12\/CPP 30<br \/>\n&#8211; siln\u00e9 zvary, \u0161\u00edrka pribli\u017ene 6-7 mm<br \/>\n&#8211; skladacie dno<br \/>\n&#8211; \u0161irok\u00fd v\u00fdber ve\u013ekost\u00ed<br \/>\n&#8211; \u0161tandardn\u00fd z\u00e1rez pre jednoduch\u00e9 otv\u00e1ranie<br \/>\n&#8211; bezpe\u010dn\u00e9 pre potraviny<\/p>\n","protected":false},"excerpt":{"rendered":"<p>EKO PAPIEROV\u00c9 TA\u0160KY s \u00fazkym okienkom a opakovane pou\u017eite\u013en\u00fdm ZIPS uz\u00e1verom. Tieto ta\u0161ky s\u00fa vyroben\u00e9 z papiera potiahnut\u00e9ho f\u00f3liou, ur\u010den\u00e9<\/p>\n","protected":false},"featured_media":4807,"comment_status":"open","ping_status":"closed","template":"","meta":[],"product_brand":[],"product_cat":[498],"product_tag":[512],"class_list":{"0":"post-4820","1":"product","2":"type-product","3":"status-publish","4":"has-post-thumbnail","6":"product_cat-doypack-stand-up-pouch","7":"product_tag-doypack-eco-sk","8":"pa_velikost-110x185x65-mm","9":"pa_velikost-130x225x70-mm","10":"pa_velikost-160x270x80-mm","11":"pa_velikost-180x290x80-mm","12":"pa_velikost-210x310x110-mm","13":"pa_velikost-250x335x130-mm","14":"pa_velikost-85x145x50-mm","16":"first","17":"instock","18":"taxable","19":"shipping-taxable","20":"purchasable","21":"product-type-variable"},"jetpack_sharing_enabled":true,"_links":{"self":[{"href":"https:\/\/helpack.eu\/sk\/wp-json\/wp\/v2\/product\/4820","targetHints":{"allow":["GET"]}}],"collection":[{"href":"https:\/\/helpack.eu\/sk\/wp-json\/wp\/v2\/product"}],"about":[{"href":"https:\/\/helpack.eu\/sk\/wp-json\/wp\/v2\/types\/product"}],"replies":[{"embeddable":true,"href":"https:\/\/helpack.eu\/sk\/wp-json\/wp\/v2\/comments?post=4820"}],"wp:featuredmedia":[{"embeddable":true,"href":"https:\/\/helpack.eu\/sk\/wp-json\/wp\/v2\/media\/4807"}],"wp:attachment":[{"href":"https:\/\/helpack.eu\/sk\/wp-json\/wp\/v2\/media?parent=4820"}],"wp:term":[{"taxonomy":"product_brand","embeddable":true,"href":"https:\/\/helpack.eu\/sk\/wp-json\/wp\/v2\/product_brand?post=4820"},{"taxonomy":"product_cat","embeddable":true,"href":"https:\/\/helpack.eu\/sk\/wp-json\/wp\/v2\/product_cat?post=4820"},{"taxonomy":"product_tag","embeddable":true,"href":"https:\/\/helpack.eu\/sk\/wp-json\/wp\/v2\/product_tag?post=4820"}],"curies":[{"name":"wp","href":"https:\/\/api.w.org\/{rel}","templated":true}]}}